{"id":7144,"date":"2025-12-11T00:23:57","date_gmt":"2025-12-11T00:23:57","guid":{"rendered":"https:\/\/loja.bewmarketingdigital.com.br\/?post_type=product&#038;p=7144"},"modified":"2026-04-08T16:58:00","modified_gmt":"2026-04-08T16:58:00","slug":"trofeu-daff","status":"publish","type":"product","link":"https:\/\/3deuropean.com\/es\/produto\/trofeu-daff\/","title":{"rendered":"Trofeo Daff"},"content":{"rendered":"<p>La composici\u00f3n prioriza la centralizaci\u00f3n del logo, con marcos discretos que crean profundidad sin exceso de informaci\u00f3n.<\/p>\n","protected":false},"excerpt":{"rendered":"<p>La composici\u00f3n prioriza la centralizaci\u00f3n del logo, con marcos discretos que crean profundidad sin exceso de informaci\u00f3n.<\/p>\n","protected":false},"featured_media":9495,"comment_status":"open","ping_status":"closed","template":"","meta":[],"product_brand":[],"product_cat":[15],"product_tag":[],"class_list":{"0":"post-7144","1":"product","2":"type-product","3":"status-publish","4":"has-post-thumbnail","6":"product_cat-sem-categoria","8":"first","9":"instock","10":"shipping-taxable","11":"purchasable","12":"product-type-variable"},"_links":{"self":[{"href":"https:\/\/3deuropean.com\/es\/wp-json\/wp\/v2\/product\/7144","targetHints":{"allow":["GET"]}}],"collection":[{"href":"https:\/\/3deuropean.com\/es\/wp-json\/wp\/v2\/product"}],"about":[{"href":"https:\/\/3deuropean.com\/es\/wp-json\/wp\/v2\/types\/product"}],"replies":[{"embeddable":true,"href":"https:\/\/3deuropean.com\/es\/wp-json\/wp\/v2\/comments?post=7144"}],"wp:featuredmedia":[{"embeddable":true,"href":"https:\/\/3deuropean.com\/es\/wp-json\/wp\/v2\/media\/9495"}],"wp:attachment":[{"href":"https:\/\/3deuropean.com\/es\/wp-json\/wp\/v2\/media?parent=7144"}],"wp:term":[{"taxonomy":"product_brand","embeddable":true,"href":"https:\/\/3deuropean.com\/es\/wp-json\/wp\/v2\/product_brand?post=7144"},{"taxonomy":"product_cat","embeddable":true,"href":"https:\/\/3deuropean.com\/es\/wp-json\/wp\/v2\/product_cat?post=7144"},{"taxonomy":"product_tag","embeddable":true,"href":"https:\/\/3deuropean.com\/es\/wp-json\/wp\/v2\/product_tag?post=7144"}],"curies":[{"name":"wp","href":"https:\/\/api.w.org\/{rel}","templated":true}]}}