{"id":7113,"date":"2025-12-11T00:23:54","date_gmt":"2025-12-11T00:23:54","guid":{"rendered":"https:\/\/loja.bewmarketingdigital.com.br\/?post_type=product&#038;p=7113"},"modified":"2026-04-08T17:09:37","modified_gmt":"2026-04-08T17:09:37","slug":"trofeu-mega","status":"publish","type":"product","link":"https:\/\/3deuropean.com\/es\/produto\/trofeu-mega\/","title":{"rendered":"Trofeo Mega"},"content":{"rendered":"<p>Proporciones pensadas para impacto visual sin exagerar en altura. \u00c1rea frontal generosa que acomoda artes verticales y horizontales con \u00f3ptima legibilidad. Trazos geom\u00e9tricos y modernos.<\/p>\n","protected":false},"excerpt":{"rendered":"<p>Proporciones pensadas para impacto visual sin exagerar en altura. \u00c1rea frontal generosa que acomoda artes verticales y horizontales con \u00f3ptima<\/p>\n","protected":false},"featured_media":9539,"comment_status":"open","ping_status":"closed","template":"","meta":[],"product_brand":[],"product_cat":[15],"product_tag":[],"class_list":{"0":"post-7113","1":"product","2":"type-product","3":"status-publish","4":"has-post-thumbnail","6":"product_cat-sem-categoria","8":"first","9":"instock","10":"shipping-taxable","11":"purchasable","12":"product-type-variable"},"_links":{"self":[{"href":"https:\/\/3deuropean.com\/es\/wp-json\/wp\/v2\/product\/7113","targetHints":{"allow":["GET"]}}],"collection":[{"href":"https:\/\/3deuropean.com\/es\/wp-json\/wp\/v2\/product"}],"about":[{"href":"https:\/\/3deuropean.com\/es\/wp-json\/wp\/v2\/types\/product"}],"replies":[{"embeddable":true,"href":"https:\/\/3deuropean.com\/es\/wp-json\/wp\/v2\/comments?post=7113"}],"wp:featuredmedia":[{"embeddable":true,"href":"https:\/\/3deuropean.com\/es\/wp-json\/wp\/v2\/media\/9539"}],"wp:attachment":[{"href":"https:\/\/3deuropean.com\/es\/wp-json\/wp\/v2\/media?parent=7113"}],"wp:term":[{"taxonomy":"product_brand","embeddable":true,"href":"https:\/\/3deuropean.com\/es\/wp-json\/wp\/v2\/product_brand?post=7113"},{"taxonomy":"product_cat","embeddable":true,"href":"https:\/\/3deuropean.com\/es\/wp-json\/wp\/v2\/product_cat?post=7113"},{"taxonomy":"product_tag","embeddable":true,"href":"https:\/\/3deuropean.com\/es\/wp-json\/wp\/v2\/product_tag?post=7113"}],"curies":[{"name":"wp","href":"https:\/\/api.w.org\/{rel}","templated":true}]}}