{"id":7057,"date":"2025-12-11T00:23:50","date_gmt":"2025-12-11T00:23:50","guid":{"rendered":"https:\/\/loja.bewmarketingdigital.com.br\/?post_type=product&#038;p=7057"},"modified":"2026-04-02T19:37:01","modified_gmt":"2026-04-02T19:37:01","slug":"trofeu-soft-bt-tenis","status":"publish","type":"product","link":"https:\/\/3deuropean.com\/es\/produto\/trofeu-soft-bt-tenis\/","title":{"rendered":"Trofeo Soft BT \u2013 T\u00eanis"},"content":{"rendered":"<p>Con buena altura y manteniendo dise\u00f1o elegante. Indicado para categor\u00edas femeninas\/mixtas y finales intermedias. \u00c1rea frontal generosa para branding.<\/p>\n","protected":false},"excerpt":{"rendered":"<p>Con buena altura y manteniendo dise\u00f1o elegante. Indicado para categor\u00edas femeninas\/mixtas y finales intermedias. \u00c1rea frontal generosa para branding.<\/p>\n","protected":false},"featured_media":9453,"comment_status":"open","ping_status":"closed","template":"","meta":[],"product_brand":[],"product_cat":[79],"product_tag":[],"class_list":{"0":"post-7057","1":"product","2":"type-product","3":"status-publish","4":"has-post-thumbnail","6":"product_cat-tennis","8":"first","9":"instock","10":"shipping-taxable","11":"purchasable","12":"product-type-variable"},"_links":{"self":[{"href":"https:\/\/3deuropean.com\/es\/wp-json\/wp\/v2\/product\/7057","targetHints":{"allow":["GET"]}}],"collection":[{"href":"https:\/\/3deuropean.com\/es\/wp-json\/wp\/v2\/product"}],"about":[{"href":"https:\/\/3deuropean.com\/es\/wp-json\/wp\/v2\/types\/product"}],"replies":[{"embeddable":true,"href":"https:\/\/3deuropean.com\/es\/wp-json\/wp\/v2\/comments?post=7057"}],"wp:featuredmedia":[{"embeddable":true,"href":"https:\/\/3deuropean.com\/es\/wp-json\/wp\/v2\/media\/9453"}],"wp:attachment":[{"href":"https:\/\/3deuropean.com\/es\/wp-json\/wp\/v2\/media?parent=7057"}],"wp:term":[{"taxonomy":"product_brand","embeddable":true,"href":"https:\/\/3deuropean.com\/es\/wp-json\/wp\/v2\/product_brand?post=7057"},{"taxonomy":"product_cat","embeddable":true,"href":"https:\/\/3deuropean.com\/es\/wp-json\/wp\/v2\/product_cat?post=7057"},{"taxonomy":"product_tag","embeddable":true,"href":"https:\/\/3deuropean.com\/es\/wp-json\/wp\/v2\/product_tag?post=7057"}],"curies":[{"name":"wp","href":"https:\/\/api.w.org\/{rel}","templated":true}]}}