{"id":6997,"date":"2025-12-11T00:23:44","date_gmt":"2025-12-11T00:23:44","guid":{"rendered":"https:\/\/loja.bewmarketingdigital.com.br\/?post_type=product&#038;p=6997"},"modified":"2026-04-02T21:02:31","modified_gmt":"2026-04-02T21:02:31","slug":"trofeu-cup-tenis","status":"publish","type":"product","link":"https:\/\/3deuropean.com\/es\/produto\/trofeu-cup-tenis\/","title":{"rendered":"Trofeo Cup \u2013 T\u00eanis"},"content":{"rendered":"<p>Modelo de 27 cm con visual cl\u00e1sico de premiaci\u00f3n. Frente claro para la identidad del evento y base lista para plaqueta de posici\u00f3n. Ideal para festivales, internos y rankings con muchos podios en el mismo d\u00eda.<\/p>\n","protected":false},"excerpt":{"rendered":"<p>Modelo de 27 cm con visual cl\u00e1sico de premiaci\u00f3n. Frente claro para la identidad del evento y base lista para plaqueta de posici\u00f3n. Ideal para<\/p>\n","protected":false},"featured_media":9389,"comment_status":"open","ping_status":"closed","template":"","meta":[],"product_brand":[],"product_cat":[79],"product_tag":[],"class_list":{"0":"post-6997","1":"product","2":"type-product","3":"status-publish","4":"has-post-thumbnail","6":"product_cat-tennis","8":"first","9":"instock","10":"shipping-taxable","11":"purchasable","12":"product-type-variable"},"_links":{"self":[{"href":"https:\/\/3deuropean.com\/es\/wp-json\/wp\/v2\/product\/6997","targetHints":{"allow":["GET"]}}],"collection":[{"href":"https:\/\/3deuropean.com\/es\/wp-json\/wp\/v2\/product"}],"about":[{"href":"https:\/\/3deuropean.com\/es\/wp-json\/wp\/v2\/types\/product"}],"replies":[{"embeddable":true,"href":"https:\/\/3deuropean.com\/es\/wp-json\/wp\/v2\/comments?post=6997"}],"wp:featuredmedia":[{"embeddable":true,"href":"https:\/\/3deuropean.com\/es\/wp-json\/wp\/v2\/media\/9389"}],"wp:attachment":[{"href":"https:\/\/3deuropean.com\/es\/wp-json\/wp\/v2\/media?parent=6997"}],"wp:term":[{"taxonomy":"product_brand","embeddable":true,"href":"https:\/\/3deuropean.com\/es\/wp-json\/wp\/v2\/product_brand?post=6997"},{"taxonomy":"product_cat","embeddable":true,"href":"https:\/\/3deuropean.com\/es\/wp-json\/wp\/v2\/product_cat?post=6997"},{"taxonomy":"product_tag","embeddable":true,"href":"https:\/\/3deuropean.com\/es\/wp-json\/wp\/v2\/product_tag?post=6997"}],"curies":[{"name":"wp","href":"https:\/\/api.w.org\/{rel}","templated":true}]}}