{"id":6996,"date":"2025-12-11T00:23:44","date_gmt":"2025-12-11T00:23:44","guid":{"rendered":"https:\/\/loja.bewmarketingdigital.com.br\/?post_type=product&#038;p=6996"},"modified":"2026-04-02T20:57:38","modified_gmt":"2026-04-02T20:57:38","slug":"trofeu-beran-tenis","status":"publish","type":"product","link":"https:\/\/3deuropean.com\/es\/produto\/trofeu-beran-tenis\/","title":{"rendered":"Trofeo Beran \u2013 T\u00eanis"},"content":{"rendered":"<p>Equilibra compacidad y presencia en el podio. El \u00e1rea frontal acepta artes con textos cortos (etapa\/ciudad) e \u00edconos de patrocinador sin apretar la composici\u00f3n. Buen costo-beneficio para grandes vol\u00famenes.<\/p>\n","protected":false},"excerpt":{"rendered":"<p>Equilibra compacidad y presencia en el podio. El \u00e1rea frontal acepta artes con textos cortos (etapa\/ciudad) e \u00edconos de patrocinador sin apretar la<\/p>\n","protected":false},"featured_media":9377,"comment_status":"open","ping_status":"closed","template":"","meta":[],"product_brand":[],"product_cat":[79],"product_tag":[],"class_list":{"0":"post-6996","1":"product","2":"type-product","3":"status-publish","4":"has-post-thumbnail","6":"product_cat-tennis","8":"first","9":"instock","10":"shipping-taxable","11":"purchasable","12":"product-type-variable"},"_links":{"self":[{"href":"https:\/\/3deuropean.com\/es\/wp-json\/wp\/v2\/product\/6996","targetHints":{"allow":["GET"]}}],"collection":[{"href":"https:\/\/3deuropean.com\/es\/wp-json\/wp\/v2\/product"}],"about":[{"href":"https:\/\/3deuropean.com\/es\/wp-json\/wp\/v2\/types\/product"}],"replies":[{"embeddable":true,"href":"https:\/\/3deuropean.com\/es\/wp-json\/wp\/v2\/comments?post=6996"}],"wp:featuredmedia":[{"embeddable":true,"href":"https:\/\/3deuropean.com\/es\/wp-json\/wp\/v2\/media\/9377"}],"wp:attachment":[{"href":"https:\/\/3deuropean.com\/es\/wp-json\/wp\/v2\/media?parent=6996"}],"wp:term":[{"taxonomy":"product_brand","embeddable":true,"href":"https:\/\/3deuropean.com\/es\/wp-json\/wp\/v2\/product_brand?post=6996"},{"taxonomy":"product_cat","embeddable":true,"href":"https:\/\/3deuropean.com\/es\/wp-json\/wp\/v2\/product_cat?post=6996"},{"taxonomy":"product_tag","embeddable":true,"href":"https:\/\/3deuropean.com\/es\/wp-json\/wp\/v2\/product_tag?post=6996"}],"curies":[{"name":"wp","href":"https:\/\/api.w.org\/{rel}","templated":true}]}}