{"id":6966,"date":"2025-12-11T00:23:42","date_gmt":"2025-12-11T00:23:42","guid":{"rendered":"https:\/\/loja.bewmarketingdigital.com.br\/?post_type=product&#038;p=6966"},"modified":"2026-04-02T21:19:56","modified_gmt":"2026-04-02T21:19:56","slug":"trofeu-alura-tenis","status":"publish","type":"product","link":"https:\/\/3deuropean.com\/es\/produto\/trofeu-alura-tenis\/","title":{"rendered":"Trofeo Alura \u2013 T\u00eanis"},"content":{"rendered":"<p>Dise\u00f1o de 27 cm con superficies continuas que valorizan logos y grafismos coloridos. Excelente para categor\u00edas femeninas, mixtas y corporativas. La base permite plaqueta de posici\u00f3n sin contaminar el conjunto, manteniendo est\u00e1ndar entre categor\u00edas.<\/p>\n","protected":false},"excerpt":{"rendered":"<p>Dise\u00f1o de 27 cm con superficies continuas que valorizan logos y grafismos coloridos. Excelente para categor\u00edas femeninas, mixtas y corporativas. La<\/p>\n","protected":false},"featured_media":9373,"comment_status":"open","ping_status":"closed","template":"","meta":[],"product_brand":[],"product_cat":[79],"product_tag":[],"class_list":{"0":"post-6966","1":"product","2":"type-product","3":"status-publish","4":"has-post-thumbnail","6":"product_cat-tennis","8":"first","9":"instock","10":"shipping-taxable","11":"purchasable","12":"product-type-variable"},"_links":{"self":[{"href":"https:\/\/3deuropean.com\/es\/wp-json\/wp\/v2\/product\/6966","targetHints":{"allow":["GET"]}}],"collection":[{"href":"https:\/\/3deuropean.com\/es\/wp-json\/wp\/v2\/product"}],"about":[{"href":"https:\/\/3deuropean.com\/es\/wp-json\/wp\/v2\/types\/product"}],"replies":[{"embeddable":true,"href":"https:\/\/3deuropean.com\/es\/wp-json\/wp\/v2\/comments?post=6966"}],"wp:featuredmedia":[{"embeddable":true,"href":"https:\/\/3deuropean.com\/es\/wp-json\/wp\/v2\/media\/9373"}],"wp:attachment":[{"href":"https:\/\/3deuropean.com\/es\/wp-json\/wp\/v2\/media?parent=6966"}],"wp:term":[{"taxonomy":"product_brand","embeddable":true,"href":"https:\/\/3deuropean.com\/es\/wp-json\/wp\/v2\/product_brand?post=6966"},{"taxonomy":"product_cat","embeddable":true,"href":"https:\/\/3deuropean.com\/es\/wp-json\/wp\/v2\/product_cat?post=6966"},{"taxonomy":"product_tag","embeddable":true,"href":"https:\/\/3deuropean.com\/es\/wp-json\/wp\/v2\/product_tag?post=6966"}],"curies":[{"name":"wp","href":"https:\/\/api.w.org\/{rel}","templated":true}]}}