{"id":6962,"date":"2025-12-11T00:23:41","date_gmt":"2025-12-11T00:23:41","guid":{"rendered":"https:\/\/loja.bewmarketingdigital.com.br\/?post_type=product&#038;p=6962"},"modified":"2026-04-02T19:22:05","modified_gmt":"2026-04-02T19:22:05","slug":"trofeu-prime-padel","status":"publish","type":"product","link":"https:\/\/3deuropean.com\/es\/produto\/trofeu-prime-padel\/","title":{"rendered":"Trofeo Prime \u2013 Padel"},"content":{"rendered":"<p>Trofeo rectangular, sirve como base para toda la temporada. Frente organizado para nombre del evento y sellos de patrocinio y base con plaqueta de posici\u00f3n. Dise\u00f1o cl\u00e1sico y atemporal.<\/p>\n","protected":false},"excerpt":{"rendered":"<p>Trofeo rectangular, sirve como base para toda la temporada. Frente organizado para nombre del evento y sellos de patrocinio y base con plaqueta de<\/p>\n","protected":false},"featured_media":9268,"comment_status":"open","ping_status":"closed","template":"","meta":[],"product_brand":[],"product_cat":[24,77],"product_tag":[],"class_list":{"0":"post-6962","1":"product","2":"type-product","3":"status-publish","4":"has-post-thumbnail","6":"product_cat-padel","7":"product_cat-padel-2","9":"first","10":"instock","11":"shipping-taxable","12":"purchasable","13":"product-type-variable"},"_links":{"self":[{"href":"https:\/\/3deuropean.com\/es\/wp-json\/wp\/v2\/product\/6962","targetHints":{"allow":["GET"]}}],"collection":[{"href":"https:\/\/3deuropean.com\/es\/wp-json\/wp\/v2\/product"}],"about":[{"href":"https:\/\/3deuropean.com\/es\/wp-json\/wp\/v2\/types\/product"}],"replies":[{"embeddable":true,"href":"https:\/\/3deuropean.com\/es\/wp-json\/wp\/v2\/comments?post=6962"}],"wp:featuredmedia":[{"embeddable":true,"href":"https:\/\/3deuropean.com\/es\/wp-json\/wp\/v2\/media\/9268"}],"wp:attachment":[{"href":"https:\/\/3deuropean.com\/es\/wp-json\/wp\/v2\/media?parent=6962"}],"wp:term":[{"taxonomy":"product_brand","embeddable":true,"href":"https:\/\/3deuropean.com\/es\/wp-json\/wp\/v2\/product_brand?post=6962"},{"taxonomy":"product_cat","embeddable":true,"href":"https:\/\/3deuropean.com\/es\/wp-json\/wp\/v2\/product_cat?post=6962"},{"taxonomy":"product_tag","embeddable":true,"href":"https:\/\/3deuropean.com\/es\/wp-json\/wp\/v2\/product_tag?post=6962"}],"curies":[{"name":"wp","href":"https:\/\/api.w.org\/{rel}","templated":true}]}}