{"id":6933,"date":"2025-12-11T00:23:39","date_gmt":"2025-12-11T00:23:39","guid":{"rendered":"https:\/\/loja.bewmarketingdigital.com.br\/?post_type=product&#038;p=6933"},"modified":"2026-04-02T19:19:23","modified_gmt":"2026-04-02T19:19:23","slug":"trofeu-tech-padel","status":"publish","type":"product","link":"https:\/\/3deuropean.com\/es\/produto\/trofeu-tech-padel\/","title":{"rendered":"Trofeo Tech \u2013 Padel"},"content":{"rendered":"<p>Pieza con recortes modernos que combinan con identidades visuales de marcas deportivas o tecnol\u00f3gicas. \u00c1rea central para logo y base para plaqueta de posici\u00f3n.<\/p>\n","protected":false},"excerpt":{"rendered":"<p>Pieza con recortes modernos que combinan con identidades visuales de marcas deportivas o tecnol\u00f3gicas. \u00c1rea central para logo y base para plaqueta de<\/p>\n","protected":false},"featured_media":9320,"comment_status":"open","ping_status":"closed","template":"","meta":[],"product_brand":[],"product_cat":[24,77],"product_tag":[],"class_list":{"0":"post-6933","1":"product","2":"type-product","3":"status-publish","4":"has-post-thumbnail","6":"product_cat-padel","7":"product_cat-padel-2","9":"first","10":"instock","11":"shipping-taxable","12":"purchasable","13":"product-type-variable"},"_links":{"self":[{"href":"https:\/\/3deuropean.com\/es\/wp-json\/wp\/v2\/product\/6933","targetHints":{"allow":["GET"]}}],"collection":[{"href":"https:\/\/3deuropean.com\/es\/wp-json\/wp\/v2\/product"}],"about":[{"href":"https:\/\/3deuropean.com\/es\/wp-json\/wp\/v2\/types\/product"}],"replies":[{"embeddable":true,"href":"https:\/\/3deuropean.com\/es\/wp-json\/wp\/v2\/comments?post=6933"}],"wp:featuredmedia":[{"embeddable":true,"href":"https:\/\/3deuropean.com\/es\/wp-json\/wp\/v2\/media\/9320"}],"wp:attachment":[{"href":"https:\/\/3deuropean.com\/es\/wp-json\/wp\/v2\/media?parent=6933"}],"wp:term":[{"taxonomy":"product_brand","embeddable":true,"href":"https:\/\/3deuropean.com\/es\/wp-json\/wp\/v2\/product_brand?post=6933"},{"taxonomy":"product_cat","embeddable":true,"href":"https:\/\/3deuropean.com\/es\/wp-json\/wp\/v2\/product_cat?post=6933"},{"taxonomy":"product_tag","embeddable":true,"href":"https:\/\/3deuropean.com\/es\/wp-json\/wp\/v2\/product_tag?post=6933"}],"curies":[{"name":"wp","href":"https:\/\/api.w.org\/{rel}","templated":true}]}}