{"id":6872,"date":"2025-12-11T00:23:34","date_gmt":"2025-12-11T00:23:34","guid":{"rendered":"https:\/\/loja.bewmarketingdigital.com.br\/?post_type=product&#038;p=6872"},"modified":"2026-04-02T19:01:39","modified_gmt":"2026-04-02T19:01:39","slug":"trofeu-sigma-padel","status":"publish","type":"product","link":"https:\/\/3deuropean.com\/es\/produto\/trofeu-sigma-padel\/","title":{"rendered":"Trofeo Sigma \u2013 Padel"},"content":{"rendered":"<p>Con 21 cm, es la pieza indicada para categor\u00edas principales y ceremonias de mayor visibilidad. El \u00e1rea frontal es generosa y la composici\u00f3n vertical valoriza el registro fotogr\u00e1fico del podio.<\/p>\n","protected":false},"excerpt":{"rendered":"<p>Con 21 cm, es la pieza indicada para categor\u00edas principales y ceremonias de mayor visibilidad. El \u00e1rea frontal es generosa y la composici\u00f3n vertical<\/p>\n","protected":false},"featured_media":9296,"comment_status":"open","ping_status":"closed","template":"","meta":[],"product_brand":[],"product_cat":[24,77],"product_tag":[],"class_list":{"0":"post-6872","1":"product","2":"type-product","3":"status-publish","4":"has-post-thumbnail","6":"product_cat-padel","7":"product_cat-padel-2","9":"first","10":"instock","11":"shipping-taxable","12":"purchasable","13":"product-type-variable"},"_links":{"self":[{"href":"https:\/\/3deuropean.com\/es\/wp-json\/wp\/v2\/product\/6872","targetHints":{"allow":["GET"]}}],"collection":[{"href":"https:\/\/3deuropean.com\/es\/wp-json\/wp\/v2\/product"}],"about":[{"href":"https:\/\/3deuropean.com\/es\/wp-json\/wp\/v2\/types\/product"}],"replies":[{"embeddable":true,"href":"https:\/\/3deuropean.com\/es\/wp-json\/wp\/v2\/comments?post=6872"}],"wp:featuredmedia":[{"embeddable":true,"href":"https:\/\/3deuropean.com\/es\/wp-json\/wp\/v2\/media\/9296"}],"wp:attachment":[{"href":"https:\/\/3deuropean.com\/es\/wp-json\/wp\/v2\/media?parent=6872"}],"wp:term":[{"taxonomy":"product_brand","embeddable":true,"href":"https:\/\/3deuropean.com\/es\/wp-json\/wp\/v2\/product_brand?post=6872"},{"taxonomy":"product_cat","embeddable":true,"href":"https:\/\/3deuropean.com\/es\/wp-json\/wp\/v2\/product_cat?post=6872"},{"taxonomy":"product_tag","embeddable":true,"href":"https:\/\/3deuropean.com\/es\/wp-json\/wp\/v2\/product_tag?post=6872"}],"curies":[{"name":"wp","href":"https:\/\/api.w.org\/{rel}","templated":true}]}}