{"id":6844,"date":"2025-12-11T00:23:31","date_gmt":"2025-12-11T00:23:31","guid":{"rendered":"https:\/\/loja.bewmarketingdigital.com.br\/?post_type=product&#038;p=6844"},"modified":"2026-04-02T19:09:20","modified_gmt":"2026-04-02T19:09:20","slug":"trofeu-mag-m-padel","status":"publish","type":"product","link":"https:\/\/3deuropean.com\/es\/produto\/trofeu-mag-m-padel\/","title":{"rendered":"Trofeo Mag-M \u2013 Padel"},"content":{"rendered":"<p>Pieza que mantiene el mismo \u00abidioma\u00bb del Mag-H, pero en proporci\u00f3n mayor. Excelente para categor\u00edas de base y podios m\u00faltiples en el mismo evento.<\/p>\n","protected":false},"excerpt":{"rendered":"<p>Pieza que mantiene el mismo \u00abidioma\u00bb del Mag-H, pero en proporci\u00f3n mayor. Excelente para categor\u00edas de base y podios m\u00faltiples en el mismo evento.<\/p>\n","protected":false},"featured_media":9232,"comment_status":"open","ping_status":"closed","template":"","meta":[],"product_brand":[],"product_cat":[24,77],"product_tag":[],"class_list":{"0":"post-6844","1":"product","2":"type-product","3":"status-publish","4":"has-post-thumbnail","6":"product_cat-padel","7":"product_cat-padel-2","9":"first","10":"instock","11":"shipping-taxable","12":"purchasable","13":"product-type-variable"},"_links":{"self":[{"href":"https:\/\/3deuropean.com\/es\/wp-json\/wp\/v2\/product\/6844","targetHints":{"allow":["GET"]}}],"collection":[{"href":"https:\/\/3deuropean.com\/es\/wp-json\/wp\/v2\/product"}],"about":[{"href":"https:\/\/3deuropean.com\/es\/wp-json\/wp\/v2\/types\/product"}],"replies":[{"embeddable":true,"href":"https:\/\/3deuropean.com\/es\/wp-json\/wp\/v2\/comments?post=6844"}],"wp:featuredmedia":[{"embeddable":true,"href":"https:\/\/3deuropean.com\/es\/wp-json\/wp\/v2\/media\/9232"}],"wp:attachment":[{"href":"https:\/\/3deuropean.com\/es\/wp-json\/wp\/v2\/media?parent=6844"}],"wp:term":[{"taxonomy":"product_brand","embeddable":true,"href":"https:\/\/3deuropean.com\/es\/wp-json\/wp\/v2\/product_brand?post=6844"},{"taxonomy":"product_cat","embeddable":true,"href":"https:\/\/3deuropean.com\/es\/wp-json\/wp\/v2\/product_cat?post=6844"},{"taxonomy":"product_tag","embeddable":true,"href":"https:\/\/3deuropean.com\/es\/wp-json\/wp\/v2\/product_tag?post=6844"}],"curies":[{"name":"wp","href":"https:\/\/api.w.org\/{rel}","templated":true}]}}