{"id":6722,"date":"2025-12-11T00:23:21","date_gmt":"2025-12-11T00:23:21","guid":{"rendered":"https:\/\/loja.bewmarketingdigital.com.br\/?post_type=product&#038;p=6722"},"modified":"2026-03-26T03:01:21","modified_gmt":"2026-03-26T03:01:21","slug":"trofeu-organ-bt-beach-tennis","status":"publish","type":"product","link":"https:\/\/3deuropean.com\/es\/produto\/trofeu-organ-bt-beach-tennis\/","title":{"rendered":"Trofeo Organ BT \u2013 Beach Tennis"},"content":{"rendered":"<p>Indicado para finales generales, duplas campeonas y eventos anuales. La proporci\u00f3n valoriza fotos al aire libre y ofrece \u00e1rea frontal suficiente para identidad del evento y patrocinadores. La base permite plaqueta de posici\u00f3n (1\u00ba\u20134\u00ba) y personalizaci\u00f3n.<\/p>\n","protected":false},"excerpt":{"rendered":"<p>Indicado para finales generales, duplas campeonas y eventos anuales. La proporci\u00f3n valoriza fotos al aire libre y ofrece \u00e1rea frontal suficiente para<\/p>\n","protected":false},"featured_media":7602,"comment_status":"open","ping_status":"closed","template":"","meta":[],"product_brand":[],"product_cat":[29],"product_tag":[],"class_list":{"0":"post-6722","1":"product","2":"type-product","3":"status-publish","4":"has-post-thumbnail","6":"product_cat-tenis-de-playa","8":"first","9":"instock","10":"shipping-taxable","11":"purchasable","12":"product-type-variable"},"_links":{"self":[{"href":"https:\/\/3deuropean.com\/es\/wp-json\/wp\/v2\/product\/6722","targetHints":{"allow":["GET"]}}],"collection":[{"href":"https:\/\/3deuropean.com\/es\/wp-json\/wp\/v2\/product"}],"about":[{"href":"https:\/\/3deuropean.com\/es\/wp-json\/wp\/v2\/types\/product"}],"replies":[{"embeddable":true,"href":"https:\/\/3deuropean.com\/es\/wp-json\/wp\/v2\/comments?post=6722"}],"wp:featuredmedia":[{"embeddable":true,"href":"https:\/\/3deuropean.com\/es\/wp-json\/wp\/v2\/media\/7602"}],"wp:attachment":[{"href":"https:\/\/3deuropean.com\/es\/wp-json\/wp\/v2\/media?parent=6722"}],"wp:term":[{"taxonomy":"product_brand","embeddable":true,"href":"https:\/\/3deuropean.com\/es\/wp-json\/wp\/v2\/product_brand?post=6722"},{"taxonomy":"product_cat","embeddable":true,"href":"https:\/\/3deuropean.com\/es\/wp-json\/wp\/v2\/product_cat?post=6722"},{"taxonomy":"product_tag","embeddable":true,"href":"https:\/\/3deuropean.com\/es\/wp-json\/wp\/v2\/product_tag?post=6722"}],"curies":[{"name":"wp","href":"https:\/\/api.w.org\/{rel}","templated":true}]}}