{"id":6545,"date":"2025-12-11T00:23:07","date_gmt":"2025-12-11T00:23:07","guid":{"rendered":"https:\/\/loja.bewmarketingdigital.com.br\/?post_type=product&#038;p=6545"},"modified":"2026-03-26T02:54:35","modified_gmt":"2026-03-26T02:54:35","slug":"trofeu-komb-beach-tennis","status":"publish","type":"product","link":"https:\/\/3deuropean.com\/es\/produto\/trofeu-komb-beach-tennis\/","title":{"rendered":"Trofeo Komb \u2013 Beach Tennis"},"content":{"rendered":"<p>Trofeo que luce muy bien en podios exteriores, porque tiene buena \u00e1rea frontal sin ser exagerado. Excelente para torneos que quieren diferenciar finales o categor\u00edas principales, manteniendo escala con los dem\u00e1s trofeos del evento. Acepta personalizaci\u00f3n completa (posici\u00f3n, nombre del evento y fecha).<\/p>\n","protected":false},"excerpt":{"rendered":"<p>Trofeo que luce muy bien en podios exteriores, porque tiene buena \u00e1rea frontal sin ser exagerado. Excelente para torneos que quieren diferenciar<\/p>\n","protected":false},"featured_media":7322,"comment_status":"open","ping_status":"closed","template":"","meta":[],"product_brand":[],"product_cat":[29],"product_tag":[],"class_list":{"0":"post-6545","1":"product","2":"type-product","3":"status-publish","4":"has-post-thumbnail","6":"product_cat-tenis-de-playa","8":"first","9":"instock","10":"shipping-taxable","11":"purchasable","12":"product-type-variable"},"_links":{"self":[{"href":"https:\/\/3deuropean.com\/es\/wp-json\/wp\/v2\/product\/6545","targetHints":{"allow":["GET"]}}],"collection":[{"href":"https:\/\/3deuropean.com\/es\/wp-json\/wp\/v2\/product"}],"about":[{"href":"https:\/\/3deuropean.com\/es\/wp-json\/wp\/v2\/types\/product"}],"replies":[{"embeddable":true,"href":"https:\/\/3deuropean.com\/es\/wp-json\/wp\/v2\/comments?post=6545"}],"wp:featuredmedia":[{"embeddable":true,"href":"https:\/\/3deuropean.com\/es\/wp-json\/wp\/v2\/media\/7322"}],"wp:attachment":[{"href":"https:\/\/3deuropean.com\/es\/wp-json\/wp\/v2\/media?parent=6545"}],"wp:term":[{"taxonomy":"product_brand","embeddable":true,"href":"https:\/\/3deuropean.com\/es\/wp-json\/wp\/v2\/product_brand?post=6545"},{"taxonomy":"product_cat","embeddable":true,"href":"https:\/\/3deuropean.com\/es\/wp-json\/wp\/v2\/product_cat?post=6545"},{"taxonomy":"product_tag","embeddable":true,"href":"https:\/\/3deuropean.com\/es\/wp-json\/wp\/v2\/product_tag?post=6545"}],"curies":[{"name":"wp","href":"https:\/\/api.w.org\/{rel}","templated":true}]}}