{"id":6544,"date":"2025-12-11T00:23:07","date_gmt":"2025-12-11T00:23:07","guid":{"rendered":"https:\/\/loja.bewmarketingdigital.com.br\/?post_type=product&#038;p=6544"},"modified":"2026-03-26T02:54:07","modified_gmt":"2026-03-26T02:54:07","slug":"trofeu-alura-beach-tennis","status":"publish","type":"product","link":"https:\/\/3deuropean.com\/es\/produto\/trofeu-alura-beach-tennis\/","title":{"rendered":"Trofeo Alura \u2013 Beach Tennis"},"content":{"rendered":"<p>Modelo de trazos suaves, excelente para etapas femeninas, mixtas o corporativas de beach tennis. Con 27 cm, ya entra con m\u00e1s presencia en la mesa de premiaci\u00f3n y valoriza artes verticales (tema de la etapa, patrocinador, nombre del circuito). Base lista para plaqueta de posici\u00f3n.<\/p>\n","protected":false},"excerpt":{"rendered":"<p>Modelo de trazos suaves, excelente para etapas femeninas, mixtas o corporativas de beach tennis. Con 27 cm, ya entra con m\u00e1s presencia en la mesa de<\/p>\n","protected":false},"featured_media":7291,"comment_status":"open","ping_status":"closed","template":"","meta":[],"product_brand":[],"product_cat":[29],"product_tag":[],"class_list":{"0":"post-6544","1":"product","2":"type-product","3":"status-publish","4":"has-post-thumbnail","6":"product_cat-tenis-de-playa","8":"first","9":"instock","10":"shipping-taxable","11":"purchasable","12":"product-type-variable"},"_links":{"self":[{"href":"https:\/\/3deuropean.com\/es\/wp-json\/wp\/v2\/product\/6544","targetHints":{"allow":["GET"]}}],"collection":[{"href":"https:\/\/3deuropean.com\/es\/wp-json\/wp\/v2\/product"}],"about":[{"href":"https:\/\/3deuropean.com\/es\/wp-json\/wp\/v2\/types\/product"}],"replies":[{"embeddable":true,"href":"https:\/\/3deuropean.com\/es\/wp-json\/wp\/v2\/comments?post=6544"}],"wp:featuredmedia":[{"embeddable":true,"href":"https:\/\/3deuropean.com\/es\/wp-json\/wp\/v2\/media\/7291"}],"wp:attachment":[{"href":"https:\/\/3deuropean.com\/es\/wp-json\/wp\/v2\/media?parent=6544"}],"wp:term":[{"taxonomy":"product_brand","embeddable":true,"href":"https:\/\/3deuropean.com\/es\/wp-json\/wp\/v2\/product_brand?post=6544"},{"taxonomy":"product_cat","embeddable":true,"href":"https:\/\/3deuropean.com\/es\/wp-json\/wp\/v2\/product_cat?post=6544"},{"taxonomy":"product_tag","embeddable":true,"href":"https:\/\/3deuropean.com\/es\/wp-json\/wp\/v2\/product_tag?post=6544"}],"curies":[{"name":"wp","href":"https:\/\/api.w.org\/{rel}","templated":true}]}}