{"id":6515,"date":"2025-12-11T00:23:04","date_gmt":"2025-12-11T00:23:04","guid":{"rendered":"https:\/\/loja.bewmarketingdigital.com.br\/?post_type=product&#038;p=6515"},"modified":"2026-04-01T16:44:32","modified_gmt":"2026-04-01T16:44:32","slug":"trofeu-squad-squash","status":"publish","type":"product","link":"https:\/\/3deuropean.com\/es\/produto\/trofeu-squad-squash\/","title":{"rendered":"Trofeo Squad \u2013 Squash"},"content":{"rendered":"<p>Est\u00e9tica limpia y vers\u00e1til, con l\u00edneas estables que comunican equilibrio y precisi\u00f3n. Funciona bien en series completas (1\u00ba al 4\u00ba) y en grandes vol\u00famenes, manteniendo estandarizaci\u00f3n visual entre categor\u00edas. Base lista para plaqueta de posici\u00f3n y personalizaci\u00f3n del evento.<\/p>\n","protected":false},"excerpt":{"rendered":"<p>Est\u00e9tica limpia y vers\u00e1til, con l\u00edneas estables que comunican equilibrio y precisi\u00f3n. Funciona bien en series completas (1\u00ba al 4\u00ba) y en grandes<\/p>\n","protected":false},"featured_media":9168,"comment_status":"open","ping_status":"closed","template":"","meta":[],"product_brand":[],"product_cat":[30],"product_tag":[],"class_list":{"0":"post-6515","1":"product","2":"type-product","3":"status-publish","4":"has-post-thumbnail","6":"product_cat-squash","8":"first","9":"instock","10":"shipping-taxable","11":"purchasable","12":"product-type-variable"},"_links":{"self":[{"href":"https:\/\/3deuropean.com\/es\/wp-json\/wp\/v2\/product\/6515","targetHints":{"allow":["GET"]}}],"collection":[{"href":"https:\/\/3deuropean.com\/es\/wp-json\/wp\/v2\/product"}],"about":[{"href":"https:\/\/3deuropean.com\/es\/wp-json\/wp\/v2\/types\/product"}],"replies":[{"embeddable":true,"href":"https:\/\/3deuropean.com\/es\/wp-json\/wp\/v2\/comments?post=6515"}],"wp:featuredmedia":[{"embeddable":true,"href":"https:\/\/3deuropean.com\/es\/wp-json\/wp\/v2\/media\/9168"}],"wp:attachment":[{"href":"https:\/\/3deuropean.com\/es\/wp-json\/wp\/v2\/media?parent=6515"}],"wp:term":[{"taxonomy":"product_brand","embeddable":true,"href":"https:\/\/3deuropean.com\/es\/wp-json\/wp\/v2\/product_brand?post=6515"},{"taxonomy":"product_cat","embeddable":true,"href":"https:\/\/3deuropean.com\/es\/wp-json\/wp\/v2\/product_cat?post=6515"},{"taxonomy":"product_tag","embeddable":true,"href":"https:\/\/3deuropean.com\/es\/wp-json\/wp\/v2\/product_tag?post=6515"}],"curies":[{"name":"wp","href":"https:\/\/api.w.org\/{rel}","templated":true}]}}