{"id":6513,"date":"2025-12-11T00:23:04","date_gmt":"2025-12-11T00:23:04","guid":{"rendered":"https:\/\/loja.bewmarketingdigital.com.br\/?post_type=product&#038;p=6513"},"modified":"2026-04-01T16:47:02","modified_gmt":"2026-04-01T16:47:02","slug":"trofeu-move-squash","status":"publish","type":"product","link":"https:\/\/3deuropean.com\/es\/produto\/trofeu-move-squash\/","title":{"rendered":"Trofeo Move \u2013 Squash"},"content":{"rendered":"<p>Dise\u00f1o con sensaci\u00f3n de din\u00e1mica continua: vol\u00famenes \u00aben movimiento\u00bb que remiten a la velocidad del juego. La composici\u00f3n ligera garantiza elegancia en mesas de premiaci\u00f3n y \u00f3ptima visibilidad en el post-evento (exposici\u00f3n\/porta-trofeos). Perfecto para etapas con atractivo atl\u00e9tico y juvenil.<\/p>\n","protected":false},"excerpt":{"rendered":"<p>Dise\u00f1o con sensaci\u00f3n de din\u00e1mica continua: vol\u00famenes \u00aben movimiento\u00bb que remiten a la velocidad del juego. La composici\u00f3n ligera garantiza elegancia<\/p>\n","protected":false},"featured_media":9160,"comment_status":"open","ping_status":"closed","template":"","meta":[],"product_brand":[],"product_cat":[30],"product_tag":[],"class_list":{"0":"post-6513","1":"product","2":"type-product","3":"status-publish","4":"has-post-thumbnail","6":"product_cat-squash","8":"first","9":"instock","10":"shipping-taxable","11":"purchasable","12":"product-type-variable"},"_links":{"self":[{"href":"https:\/\/3deuropean.com\/es\/wp-json\/wp\/v2\/product\/6513","targetHints":{"allow":["GET"]}}],"collection":[{"href":"https:\/\/3deuropean.com\/es\/wp-json\/wp\/v2\/product"}],"about":[{"href":"https:\/\/3deuropean.com\/es\/wp-json\/wp\/v2\/types\/product"}],"replies":[{"embeddable":true,"href":"https:\/\/3deuropean.com\/es\/wp-json\/wp\/v2\/comments?post=6513"}],"wp:featuredmedia":[{"embeddable":true,"href":"https:\/\/3deuropean.com\/es\/wp-json\/wp\/v2\/media\/9160"}],"wp:attachment":[{"href":"https:\/\/3deuropean.com\/es\/wp-json\/wp\/v2\/media?parent=6513"}],"wp:term":[{"taxonomy":"product_brand","embeddable":true,"href":"https:\/\/3deuropean.com\/es\/wp-json\/wp\/v2\/product_brand?post=6513"},{"taxonomy":"product_cat","embeddable":true,"href":"https:\/\/3deuropean.com\/es\/wp-json\/wp\/v2\/product_cat?post=6513"},{"taxonomy":"product_tag","embeddable":true,"href":"https:\/\/3deuropean.com\/es\/wp-json\/wp\/v2\/product_tag?post=6513"}],"curies":[{"name":"wp","href":"https:\/\/api.w.org\/{rel}","templated":true}]}}