{"id":262,"date":"2025-06-03T19:34:00","date_gmt":"2025-06-03T19:34:00","guid":{"rendered":"https:\/\/loja.bewmarketingdigital.com.br\/?page_id=262"},"modified":"2026-03-18T13:10:12","modified_gmt":"2026-03-18T13:10:12","slug":"preguntas-frecuentes","status":"publish","type":"page","link":"https:\/\/3deuropean.com\/es\/preguntas-frecuentes\/","title":{"rendered":"Preguntas frecuentes"},"content":{"rendered":"\t\t<div data-elementor-type=\"wp-page\" data-elementor-id=\"262\" class=\"elementor elementor-262\" data-elementor-settings=\"{&quot;ha_cmc_init_switcher&quot;:&quot;no&quot;}\" data-elementor-post-type=\"page\">\n\t\t\t\t<div class=\"elementor-element elementor-element-0ee3c2c e-flex e-con-boxed e-con e-parent\" data-id=\"0ee3c2c\" data-element_type=\"container\" data-e-type=\"container\" data-settings=\"{&quot;background_background&quot;:&quot;classic&quot;,&quot;_ha_eqh_enable&quot;:false}\">\n\t\t\t\t\t<div class=\"e-con-inner\">\n\t\t<div class=\"elementor-element elementor-element-c1137c2 e-con-full e-flex e-con e-child\" data-id=\"c1137c2\" data-element_type=\"container\" data-e-type=\"container\" data-settings=\"{&quot;_ha_eqh_enable&quot;:false}\">\n\t\t<div class=\"elementor-element elementor-element-fb3a186 e-con-full e-flex e-con e-child\" data-id=\"fb3a186\" data-element_type=\"container\" data-e-type=\"container\" data-settings=\"{&quot;_ha_eqh_enable&quot;:false}\">\n\t\t\t\t<div class=\"elementor-element elementor-element-a26a8f3 elementor-widget elementor-widget-heading\" data-id=\"a26a8f3\" data-element_type=\"widget\" data-e-type=\"widget\" data-widget_type=\"heading.default\">\n\t\t\t\t\t<h2 class=\"elementor-heading-title elementor-size-default\">Preguntas frecuentes<\/h2>\t\t\t\t<\/div>\n\t\t\t\t<div class=\"elementor-element elementor-element-f5756b5 elementor-widget__width-initial elementor-widget-divider--view-line elementor-widget elementor-widget-divider\" data-id=\"f5756b5\" data-element_type=\"widget\" data-e-type=\"widget\" data-widget_type=\"divider.default\">\n\t\t\t\t\t\t\t<div class=\"elementor-divider\">\n\t\t\t<span class=\"elementor-divider-separator\">\n\t\t\t\t\t\t<\/span>\n\t\t<\/div>\n\t\t\t\t\t\t<\/div>\n\t\t\t\t<\/div>\n\t\t<div class=\"elementor-element elementor-element-2dc732f e-con-full e-flex e-con e-child\" data-id=\"2dc732f\" data-element_type=\"container\" data-e-type=\"container\" data-settings=\"{&quot;_ha_eqh_enable&quot;:false}\">\n\t\t\t\t<div class=\"elementor-element elementor-element-ecb4274 elementor-widget__width-initial elementor-widget elementor-widget-n-accordion\" data-id=\"ecb4274\" data-element_type=\"widget\" data-e-type=\"widget\" data-settings=\"{&quot;default_state&quot;:&quot;all_collapsed&quot;,&quot;max_items_expended&quot;:&quot;one&quot;,&quot;n_accordion_animation_duration&quot;:{&quot;unit&quot;:&quot;ms&quot;,&quot;size&quot;:400,&quot;sizes&quot;:[]}}\" data-widget_type=\"nested-accordion.default\">\n\t\t\t\t\t\t\t<div class=\"e-n-accordion\" aria-label=\"Accordion. Open links with Enter or Space, close with Escape, and navigate with Arrow Keys\">\n\t\t\t\t\t\t<details id=\"e-n-accordion-item-2480\" class=\"e-n-accordion-item\" >\n\t\t\t\t<summary class=\"e-n-accordion-item-title\" data-accordion-index=\"1\" tabindex=\"0\" aria-expanded=\"false\" aria-controls=\"e-n-accordion-item-2480\" >\n\t\t\t\t\t<span class='e-n-accordion-item-title-header'><div class=\"e-n-accordion-item-title-text\"> 1. \u00bfExiste un pedido m\u00ednimo? <\/div><\/span>\n\t\t\t\t\t\t\t<span class='e-n-accordion-item-title-icon'>\n\t\t\t<span class='e-opened' ><i aria-hidden=\"true\" class=\"huge huge-arrow-up-01-round\"><\/i><\/span>\n\t\t\t<span class='e-closed'><i aria-hidden=\"true\" class=\"huge huge-arrow-down-01-round\"><\/i><\/span>\n\t\t<\/span>\n\n\t\t\t\t\t\t<\/summary>\n\t\t\t\t<div role=\"region\" aria-labelledby=\"e-n-accordion-item-2480\" class=\"elementor-element elementor-element-ebf5797 e-con-full e-flex e-con e-child\" data-id=\"ebf5797\" data-element_type=\"container\" data-e-type=\"container\" data-settings=\"{&quot;_ha_eqh_enable&quot;:false}\">\n\t\t\t\t<div class=\"elementor-element elementor-element-86baa10 elementor-widget__width-initial elementor-widget-mobile__width-inherit elementor-widget elementor-widget-text-editor\" data-id=\"86baa10\" data-element_type=\"widget\" data-e-type=\"widget\" data-widget_type=\"text-editor.default\">\n\t\t\t\t\t\t\t\t\t<p>S\u00ed. El pedido m\u00ednimo es de 15 1trofeos por defecto, indicado en la propia p\u00e1gina del producto.<\/p>\t\t\t\t\t\t\t\t<\/div>\n\t\t\t\t<\/div>\n\t\t\t\t\t<\/details>\n\t\t\t\t\t\t<details id=\"e-n-accordion-item-2481\" class=\"e-n-accordion-item\" >\n\t\t\t\t<summary class=\"e-n-accordion-item-title\" data-accordion-index=\"2\" tabindex=\"-1\" aria-expanded=\"false\" aria-controls=\"e-n-accordion-item-2481\" >\n\t\t\t\t\t<span class='e-n-accordion-item-title-header'><div class=\"e-n-accordion-item-title-text\"> 2. \u00bfLos modelos son listos o personalizables? <\/div><\/span>\n\t\t\t\t\t\t\t<span class='e-n-accordion-item-title-icon'>\n\t\t\t<span class='e-opened' ><i aria-hidden=\"true\" class=\"huge huge-arrow-up-01-round\"><\/i><\/span>\n\t\t\t<span class='e-closed'><i aria-hidden=\"true\" class=\"huge huge-arrow-down-01-round\"><\/i><\/span>\n\t\t<\/span>\n\n\t\t\t\t\t\t<\/summary>\n\t\t\t\t<div role=\"region\" aria-labelledby=\"e-n-accordion-item-2481\" class=\"elementor-element elementor-element-066558d e-con-full e-flex e-con e-child\" data-id=\"066558d\" data-element_type=\"container\" data-e-type=\"container\" data-settings=\"{&quot;_ha_eqh_enable&quot;:false}\">\n\t\t\t\t<div class=\"elementor-element elementor-element-e91db6d elementor-widget__width-initial elementor-widget-mobile__width-inherit elementor-widget elementor-widget-text-editor\" data-id=\"e91db6d\" data-element_type=\"widget\" data-e-type=\"widget\" data-widget_type=\"text-editor.default\">\n\t\t\t\t\t\t\t\t\t<p data-start=\"0\" data-end=\"296\">Trabajamos con modelos de cat\u00e1logo ya definidos, pensados para quienes necesitan agilidad en la entrega y simplicidad en la elecci\u00f3n. Las \u00e1reas de personalizaci\u00f3n se limitan al logo y la etiqueta en los lugares especificados de cada trofeo.<\/p>\t\t\t\t\t\t\t\t<\/div>\n\t\t\t\t<\/div>\n\t\t\t\t\t<\/details>\n\t\t\t\t\t\t<details id=\"e-n-accordion-item-2482\" class=\"e-n-accordion-item\" >\n\t\t\t\t<summary class=\"e-n-accordion-item-title\" data-accordion-index=\"3\" tabindex=\"-1\" aria-expanded=\"false\" aria-controls=\"e-n-accordion-item-2482\" >\n\t\t\t\t\t<span class='e-n-accordion-item-title-header'><div class=\"e-n-accordion-item-title-text\"> 3. \u00bfQu\u00e9 m\u00e9todos de pago se aceptan? <\/div><\/span>\n\t\t\t\t\t\t\t<span class='e-n-accordion-item-title-icon'>\n\t\t\t<span class='e-opened' ><i aria-hidden=\"true\" class=\"huge huge-arrow-up-01-round\"><\/i><\/span>\n\t\t\t<span class='e-closed'><i aria-hidden=\"true\" class=\"huge huge-arrow-down-01-round\"><\/i><\/span>\n\t\t<\/span>\n\n\t\t\t\t\t\t<\/summary>\n\t\t\t\t<div role=\"region\" aria-labelledby=\"e-n-accordion-item-2482\" class=\"elementor-element elementor-element-c801fda e-con-full e-flex e-con e-child\" data-id=\"c801fda\" data-element_type=\"container\" data-e-type=\"container\" data-settings=\"{&quot;_ha_eqh_enable&quot;:false}\">\n\t\t\t\t<div class=\"elementor-element elementor-element-c3c2bc5 elementor-widget__width-initial elementor-widget-mobile__width-inherit elementor-widget elementor-widget-text-editor\" data-id=\"c3c2bc5\" data-element_type=\"widget\" data-e-type=\"widget\" data-widget_type=\"text-editor.default\">\n\t\t\t\t\t\t\t\t\t<p data-start=\"303\" data-end=\"463\">Tarjeta de cr\u00e9dito (pago en una sola cuota). Todas las transacciones se procesan en un entorno seguro y cifrado.<\/p>\t\t\t\t\t\t\t\t<\/div>\n\t\t\t\t<\/div>\n\t\t\t\t\t<\/details>\n\t\t\t\t\t\t<details id=\"e-n-accordion-item-2483\" class=\"e-n-accordion-item\" >\n\t\t\t\t<summary class=\"e-n-accordion-item-title\" data-accordion-index=\"4\" tabindex=\"-1\" aria-expanded=\"false\" aria-controls=\"e-n-accordion-item-2483\" >\n\t\t\t\t\t<span class='e-n-accordion-item-title-header'><div class=\"e-n-accordion-item-title-text\"> 4. \u00bfCu\u00e1l es el plazo de entrega? <\/div><\/span>\n\t\t\t\t\t\t\t<span class='e-n-accordion-item-title-icon'>\n\t\t\t<span class='e-opened' ><i aria-hidden=\"true\" class=\"huge huge-arrow-up-01-round\"><\/i><\/span>\n\t\t\t<span class='e-closed'><i aria-hidden=\"true\" class=\"huge huge-arrow-down-01-round\"><\/i><\/span>\n\t\t<\/span>\n\n\t\t\t\t\t\t<\/summary>\n\t\t\t\t<div role=\"region\" aria-labelledby=\"e-n-accordion-item-2483\" class=\"elementor-element elementor-element-a0a309e e-con-full e-flex e-con e-child\" data-id=\"a0a309e\" data-element_type=\"container\" data-e-type=\"container\" data-settings=\"{&quot;_ha_eqh_enable&quot;:false}\">\n\t\t\t\t<div class=\"elementor-element elementor-element-8598f49 elementor-widget__width-initial elementor-widget-mobile__width-inherit elementor-widget elementor-widget-text-editor\" data-id=\"8598f49\" data-element_type=\"widget\" data-e-type=\"widget\" data-widget_type=\"text-editor.default\">\n\t\t\t\t\t\t\t\t\t<p data-start=\"470\" data-end=\"687\">El plazo var\u00eda seg\u00fan su ubicaci\u00f3n y el tipo de producto elegido. Al ingresar el c\u00f3digo postal en el carrito, el sistema calcula autom\u00e1ticamente el tiempo estimado de entrega.<\/p>\t\t\t\t\t\t\t\t<\/div>\n\t\t\t\t<\/div>\n\t\t\t\t\t<\/details>\n\t\t\t\t\t\t<details id=\"e-n-accordion-item-2484\" class=\"e-n-accordion-item\" >\n\t\t\t\t<summary class=\"e-n-accordion-item-title\" data-accordion-index=\"5\" tabindex=\"-1\" aria-expanded=\"false\" aria-controls=\"e-n-accordion-item-2484\" >\n\t\t\t\t\t<span class='e-n-accordion-item-title-header'><div class=\"e-n-accordion-item-title-text\"> 5. \u00bfRecibir\u00e9 factura? <\/div><\/span>\n\t\t\t\t\t\t\t<span class='e-n-accordion-item-title-icon'>\n\t\t\t<span class='e-opened' ><i aria-hidden=\"true\" class=\"huge huge-arrow-up-01-round\"><\/i><\/span>\n\t\t\t<span class='e-closed'><i aria-hidden=\"true\" class=\"huge huge-arrow-down-01-round\"><\/i><\/span>\n\t\t<\/span>\n\n\t\t\t\t\t\t<\/summary>\n\t\t\t\t<div role=\"region\" aria-labelledby=\"e-n-accordion-item-2484\" class=\"elementor-element elementor-element-7ef9a33 e-con-full e-flex e-con e-child\" data-id=\"7ef9a33\" data-element_type=\"container\" data-e-type=\"container\" data-settings=\"{&quot;_ha_eqh_enable&quot;:false}\">\n\t\t\t\t<div class=\"elementor-element elementor-element-050e077 elementor-widget__width-initial elementor-widget-mobile__width-inherit elementor-widget elementor-widget-text-editor\" data-id=\"050e077\" data-element_type=\"widget\" data-e-type=\"widget\" data-widget_type=\"text-editor.default\">\n\t\t\t\t\t\t\t\t\t<p data-start=\"813\" data-end=\"964\">S\u00ed. Todos los pedidos incluyen factura electr\u00f3nica, enviada por correo electr\u00f3nico despu\u00e9s de la confirmaci\u00f3n del pago.<\/p>\t\t\t\t\t\t\t\t<\/div>\n\t\t\t\t<\/div>\n\t\t\t\t\t<\/details>\n\t\t\t\t\t\t<details id=\"e-n-accordion-item-2485\" class=\"e-n-accordion-item\" >\n\t\t\t\t<summary class=\"e-n-accordion-item-title\" data-accordion-index=\"6\" tabindex=\"-1\" aria-expanded=\"false\" aria-controls=\"e-n-accordion-item-2485\" >\n\t\t\t\t\t<span class='e-n-accordion-item-title-header'><div class=\"e-n-accordion-item-title-text\"> 6. \u00bfQu\u00e9 ocurre si tengo un problema con mi pedido? <\/div><\/span>\n\t\t\t\t\t\t\t<span class='e-n-accordion-item-title-icon'>\n\t\t\t<span class='e-opened' ><i aria-hidden=\"true\" class=\"huge huge-arrow-up-01-round\"><\/i><\/span>\n\t\t\t<span class='e-closed'><i aria-hidden=\"true\" class=\"huge huge-arrow-down-01-round\"><\/i><\/span>\n\t\t<\/span>\n\n\t\t\t\t\t\t<\/summary>\n\t\t\t\t<div role=\"region\" aria-labelledby=\"e-n-accordion-item-2485\" class=\"elementor-element elementor-element-aacaaae e-con-full e-flex e-con e-child\" data-id=\"aacaaae\" data-element_type=\"container\" data-e-type=\"container\" data-settings=\"{&quot;_ha_eqh_enable&quot;:false}\">\n\t\t\t\t<div class=\"elementor-element elementor-element-1c99c2f elementor-widget__width-initial elementor-widget-mobile__width-inherit elementor-widget elementor-widget-text-editor\" data-id=\"1c99c2f\" data-element_type=\"widget\" data-e-type=\"widget\" data-widget_type=\"text-editor.default\">\n\t\t\t\t\t\t\t\t\t<div class=\"flex flex-col text-sm pb-25\"><article class=\"text-token-text-primary w-full focus:outline-none [--shadow-height:45px] has-data-writing-block:pointer-events-none has-data-writing-block:-mt-(--shadow-height) has-data-writing-block:pt-(--shadow-height) [&amp;:has([data-writing-block])&gt;*]:pointer-events-auto scroll-mt-[calc(var(--header-height)+min(200px,max(70px,20svh)))]\" dir=\"auto\" tabindex=\"-1\" data-turn-id=\"request-69b1baa9-6f1c-8326-bc89-8ff811eb09d1-1\" data-testid=\"conversation-turn-34\" data-scroll-anchor=\"true\" data-turn=\"assistant\"><div class=\"text-base my-auto mx-auto pb-10 [--thread-content-margin:var(--thread-content-margin-xs,calc(var(--spacing)*4))] @w-sm\/main:[--thread-content-margin:var(--thread-content-margin-sm,calc(var(--spacing)*6))] @w-lg\/main:[--thread-content-margin:var(--thread-content-margin-lg,calc(var(--spacing)*16))] px-(--thread-content-margin)\"><div class=\"[--thread-content-max-width:40rem] @w-lg\/main:[--thread-content-max-width:48rem] mx-auto max-w-(--thread-content-max-width) flex-1 group\/turn-messages focus-visible:outline-hidden relative flex w-full min-w-0 flex-col agent-turn\" tabindex=\"-1\"><div class=\"flex max-w-full flex-col gap-4 grow\"><div class=\"min-h-8 text-message relative flex w-full flex-col items-end gap-2 text-start break-words whitespace-normal [.text-message+&amp;]:mt-1\" dir=\"auto\" data-message-author-role=\"assistant\" data-message-id=\"24e96272-4662-4897-b48e-24434baad65f\" data-message-model-slug=\"gpt-5-3\"><div class=\"flex w-full flex-col gap-1 empty:hidden\"><div class=\"markdown prose dark:prose-invert w-full wrap-break-word dark markdown-new-styling\"><p data-start=\"971\" data-end=\"1163\" data-is-last-node=\"\" data-is-only-node=\"\">Nuestro equipo de soporte est\u00e1 preparado para atenderle r\u00e1pidamente y resolver cualquier situaci\u00f3n con responsabilidad y transparencia.<\/p><\/div><\/div><\/div><\/div><\/div><\/div><\/article><\/div>\t\t\t\t\t\t\t\t<\/div>\n\t\t\t\t<\/div>\n\t\t\t\t\t<\/details>\n\t\t\t\t\t<\/div>\n\t\t\t\t\t<script type=\"application\/ld+json\">{\"@context\":\"https:\\\/\\\/schema.org\",\"@type\":\"FAQPage\",\"mainEntity\":[{\"@type\":\"Question\",\"name\":\"1. \\u00bfExiste un pedido m\\u00ednimo?\",\"acceptedAnswer\":{\"@type\":\"Answer\",\"text\":\"S\\u00ed. El pedido m\\u00ednimo es de 15 1trofeos por defecto, indicado en la propia p\\u00e1gina del producto.\"}},{\"@type\":\"Question\",\"name\":\"2. \\u00bfLos modelos son listos o personalizables?\",\"acceptedAnswer\":{\"@type\":\"Answer\",\"text\":\"Trabajamos con modelos de cat\\u00e1logo ya definidos, pensados para quienes necesitan agilidad en la entrega y simplicidad en la elecci\\u00f3n. Las \\u00e1reas de personalizaci\\u00f3n se limitan al logo y la etiqueta en los lugares especificados de cada trofeo.\"}},{\"@type\":\"Question\",\"name\":\"3. \\u00bfQu\\u00e9 m\\u00e9todos de pago se aceptan?\",\"acceptedAnswer\":{\"@type\":\"Answer\",\"text\":\"Tarjeta de cr\\u00e9dito (pago en una sola cuota). Todas las transacciones se procesan en un entorno seguro y cifrado.\"}},{\"@type\":\"Question\",\"name\":\"4. \\u00bfCu\\u00e1l es el plazo de entrega?\",\"acceptedAnswer\":{\"@type\":\"Answer\",\"text\":\"El plazo var\\u00eda seg\\u00fan su ubicaci\\u00f3n y el tipo de producto elegido. Al ingresar el c\\u00f3digo postal en el carrito, el sistema calcula autom\\u00e1ticamente el tiempo estimado de entrega.\"}},{\"@type\":\"Question\",\"name\":\"5. \\u00bfRecibir\\u00e9 factura?\",\"acceptedAnswer\":{\"@type\":\"Answer\",\"text\":\"S\\u00ed. Todos los pedidos incluyen factura electr\\u00f3nica, enviada por correo electr\\u00f3nico despu\\u00e9s de la confirmaci\\u00f3n del pago.\"}},{\"@type\":\"Question\",\"name\":\"6. \\u00bfQu\\u00e9 ocurre si tengo un problema con mi pedido?\",\"acceptedAnswer\":{\"@type\":\"Answer\",\"text\":\"Nuestro equipo de soporte est\\u00e1 preparado para atenderle r\\u00e1pidamente y resolver cualquier situaci\\u00f3n con responsabilidad y transparencia.\"}}]}<\/script>\n\t\t\t\t\t\t\t<\/div>\n\t\t\t\t<\/div>\n\t\t\t\t<\/div>\n\t\t\t\t\t<\/div>\n\t\t\t\t<\/div>\n\t\t\t\t<\/div>\n\t\t","protected":false},"excerpt":{"rendered":"<p>Preguntas frecuentes 1. \u00bfExiste un pedido m\u00ednimo? S\u00ed. El pedido m\u00ednimo es de 15 1trofeos por defecto, indicado en la propia p\u00e1gina del producto. 2. \u00bfLos modelos son listos o personalizables? Trabajamos con modelos de cat\u00e1logo ya definidos, pensados para quienes necesitan agilidad en la entrega y simplicidad en la elecci\u00f3n. Las \u00e1reas de personalizaci\u00f3n [&hellip;]<\/p>\n","protected":false},"author":1,"featured_media":0,"parent":0,"menu_order":0,"comment_status":"closed","ping_status":"closed","template":"elementor_header_footer","meta":{"footnotes":""},"class_list":["post-262","page","type-page","status-publish","hentry"],"_links":{"self":[{"href":"https:\/\/3deuropean.com\/es\/wp-json\/wp\/v2\/pages\/262","targetHints":{"allow":["GET"]}}],"collection":[{"href":"https:\/\/3deuropean.com\/es\/wp-json\/wp\/v2\/pages"}],"about":[{"href":"https:\/\/3deuropean.com\/es\/wp-json\/wp\/v2\/types\/page"}],"author":[{"embeddable":true,"href":"https:\/\/3deuropean.com\/es\/wp-json\/wp\/v2\/users\/1"}],"replies":[{"embeddable":true,"href":"https:\/\/3deuropean.com\/es\/wp-json\/wp\/v2\/comments?post=262"}],"version-history":[{"count":26,"href":"https:\/\/3deuropean.com\/es\/wp-json\/wp\/v2\/pages\/262\/revisions"}],"predecessor-version":[{"id":8657,"href":"https:\/\/3deuropean.com\/es\/wp-json\/wp\/v2\/pages\/262\/revisions\/8657"}],"wp:attachment":[{"href":"https:\/\/3deuropean.com\/es\/wp-json\/wp\/v2\/media?parent=262"}],"curies":[{"name":"wp","href":"https:\/\/api.w.org\/{rel}","templated":true}]}}