{"id":242,"date":"2025-06-03T19:32:16","date_gmt":"2025-06-03T19:32:16","guid":{"rendered":"https:\/\/loja.bewmarketingdigital.com.br\/?page_id=242"},"modified":"2026-03-18T14:28:29","modified_gmt":"2026-03-18T14:28:29","slug":"politica-de-privacidad","status":"publish","type":"page","link":"https:\/\/3deuropean.com\/es\/politica-de-privacidad\/","title":{"rendered":"Pol\u00edtica de Privacidad"},"content":{"rendered":"\t\t<div data-elementor-type=\"wp-page\" data-elementor-id=\"242\" class=\"elementor elementor-242\" data-elementor-settings=\"{&quot;ha_cmc_init_switcher&quot;:&quot;no&quot;}\" data-elementor-post-type=\"page\">\n\t\t\t\t<div class=\"elementor-element elementor-element-e89adbf e-flex e-con-boxed e-con e-parent\" data-id=\"e89adbf\" data-element_type=\"container\" data-e-type=\"container\" data-settings=\"{&quot;background_background&quot;:&quot;classic&quot;,&quot;_ha_eqh_enable&quot;:false}\">\n\t\t\t\t\t<div class=\"e-con-inner\">\n\t\t<div class=\"elementor-element elementor-element-7d11d24 e-con-full e-flex e-con e-child\" data-id=\"7d11d24\" data-element_type=\"container\" data-e-type=\"container\" data-settings=\"{&quot;_ha_eqh_enable&quot;:false}\">\n\t\t<div class=\"elementor-element elementor-element-25b4416 e-con-full e-flex e-con e-child\" data-id=\"25b4416\" data-element_type=\"container\" data-e-type=\"container\" data-settings=\"{&quot;_ha_eqh_enable&quot;:false}\">\n\t\t\t\t<div class=\"elementor-element elementor-element-4e12ca2 elementor-widget-mobile__width-initial elementor-widget elementor-widget-heading\" data-id=\"4e12ca2\" data-element_type=\"widget\" data-e-type=\"widget\" data-widget_type=\"heading.default\">\n\t\t\t\t\t<h2 class=\"elementor-heading-title elementor-size-default\">Pol\u00edtica de Privacidad \u2013 3D Global<\/h2>\t\t\t\t<\/div>\n\t\t\t\t<div class=\"elementor-element elementor-element-9bff73e elementor-widget__width-initial elementor-widget-divider--view-line elementor-widget elementor-widget-divider\" data-id=\"9bff73e\" data-element_type=\"widget\" data-e-type=\"widget\" data-widget_type=\"divider.default\">\n\t\t\t\t\t\t\t<div class=\"elementor-divider\">\n\t\t\t<span class=\"elementor-divider-separator\">\n\t\t\t\t\t\t<\/span>\n\t\t<\/div>\n\t\t\t\t\t\t<\/div>\n\t\t\t\t<div class=\"elementor-element elementor-element-c5fec22 elementor-widget__width-initial elementor-widget elementor-widget-text-editor\" data-id=\"c5fec22\" data-element_type=\"widget\" data-e-type=\"widget\" data-widget_type=\"text-editor.default\">\n\t\t\t\t\t\t\t\t\t<p><strong>En 3D Global, su privacidad es una prioridad. Esta Pol\u00edtica de Privacidad explica c\u00f3mo recopilamos, usamos, almacenamos y protegemos sus datos personales en nuestro comercio electr\u00f3nico.<\/strong><\/p>\t\t\t\t\t\t\t\t<\/div>\n\t\t\t\t<\/div>\n\t\t<div class=\"elementor-element elementor-element-0875a6a e-con-full e-flex e-con e-child\" data-id=\"0875a6a\" data-element_type=\"container\" data-e-type=\"container\" data-settings=\"{&quot;_ha_eqh_enable&quot;:false}\">\n\t\t\t\t<div class=\"elementor-element elementor-element-58bf4d2 elementor-widget__width-initial elementor-widget elementor-widget-text-editor\" data-id=\"58bf4d2\" data-element_type=\"widget\" data-e-type=\"widget\" data-widget_type=\"text-editor.default\">\n\t\t\t\t\t\t\t\t\t<p data-path-to-node=\"4\">En 3D Global, valoramos la seguridad, la privacidad y la transparencia en el tratamiento de sus datos. Esta Pol\u00edtica de Privacidad describe c\u00f3mo recopilamos, usamos y compartimos su informaci\u00f3n personal a trav\u00e9s de nuestro sitio web, servicios, tienda en l\u00ednea y socios.<\/p><p data-path-to-node=\"5\">Al utilizar nuestros servicios, usted comprende y acepta las pr\u00e1cticas aqu\u00ed descritas. Tratamos sus datos en estricto cumplimiento con el <b data-path-to-node=\"5\" data-index-in-node=\"138\">Reglamento General de Protecci\u00f3n de Datos (RGPD &#8211; Reglamento (UE) 2016\/679)<\/b> y dem\u00e1s normativas europeas y locales aplicables.<\/p><h3 data-path-to-node=\"6\">1. Responsable del Tratamiento de Datos<\/h3><p data-path-to-node=\"7\"><b data-path-to-node=\"7\" data-index-in-node=\"0\">3D Tr\u00f3feus<\/b> es el Responsable del Tratamiento de los datos personales proporcionados voluntariamente o recopilados autom\u00e1ticamente por nuestros sistemas.<\/p><ul data-path-to-node=\"8\"><li><p data-path-to-node=\"8,0,0\"><b data-path-to-node=\"8,0,0\" data-index-in-node=\"0\">Correo electr\u00f3nico de contacto para privacidad:<\/b> contacto.es@3deuropean.com<\/p><\/li><li><p data-path-to-node=\"8,1,0\"><b data-path-to-node=\"8,1,0\" data-index-in-node=\"0\">Tel\u00e9fono:<\/b> +55 47 984033999<\/p><\/li><\/ul><h3 data-path-to-node=\"9\">2. Tipos de informaci\u00f3n recopilada<\/h3><p data-path-to-node=\"10\"><b data-path-to-node=\"10\" data-index-in-node=\"0\">a. Informaci\u00f3n proporcionada por usted<\/b> Nombre, direcci\u00f3n de correo electr\u00f3nico, n\u00famero de tel\u00e9fono, documento de identidad, direcci\u00f3n de facturaci\u00f3n\/env\u00edo, detalles de pago y preferencias de contacto, proporcionados a trav\u00e9s de formularios, registros, pedidos o contacto con nuestro servicio de atenci\u00f3n al cliente.<\/p><p data-path-to-node=\"11\"><b data-path-to-node=\"11\" data-index-in-node=\"0\">b. Informaci\u00f3n autom\u00e1tica<\/b> Datos de navegaci\u00f3n (cookies, direcci\u00f3n IP, tipo de dispositivo, navegador, horario de acceso) para mejorar y personalizar la experiencia del usuario.<\/p><p data-path-to-node=\"12\"><b data-path-to-node=\"12\" data-index-in-node=\"0\">c. Informaci\u00f3n de terceros<\/b> Informaci\u00f3n de entrega de los transportistas, actualizaciones de datos de registro, o datos de socios y pasarelas de pago relacionados con su compra.<\/p><h3 data-path-to-node=\"13\">3. Finalidad y Base de Legitimaci\u00f3n<\/h3><p data-path-to-node=\"14\">Tratamos sus datos personales bas\u00e1ndonos en las siguientes bases legales (Art. 6 RGPD):<\/p><ul data-path-to-node=\"15\"><li><p data-path-to-node=\"15,0,0\"><b data-path-to-node=\"15,0,0\" data-index-in-node=\"0\">Ejecuci\u00f3n de un contrato:<\/b> Para procesar sus pedidos, gestionar pagos y garantizar la entrega de los productos adquiridos.<\/p><\/li><li><p data-path-to-node=\"15,1,0\"><b data-path-to-node=\"15,1,0\" data-index-in-node=\"0\">Consentimiento expreso:<\/b> Para el env\u00edo de comunicaciones promocionales y boletines informativos, as\u00ed como para el uso de cookies no esenciales.<\/p><\/li><li><p data-path-to-node=\"15,2,0\"><b data-path-to-node=\"15,2,0\" data-index-in-node=\"0\">Obligaci\u00f3n legal:<\/b> Para cumplir con nuestras obligaciones fiscales, contables y administrativas.<\/p><\/li><li><p data-path-to-node=\"15,3,0\"><b data-path-to-node=\"15,3,0\" data-index-in-node=\"0\">Inter\u00e9s leg\u00edtimo:<\/b> Para mejorar nuestros servicios, garantizar la seguridad del entorno digital y prevenir fraudes.<\/p><\/li><\/ul><h3 data-path-to-node=\"16\">4. Compartir datos y Transferencias Internacionales<\/h3><p data-path-to-node=\"17\">3D Tr\u00f3feus no vende sus datos a terceros. Solo compartimos su informaci\u00f3n con:<\/p><ul data-path-to-node=\"18\"><li><p data-path-to-node=\"18,0,0\">Socios log\u00edsticos y financieros (pasarelas de pago, empresas de mensajer\u00eda).<\/p><\/li><li><p data-path-to-node=\"18,1,0\">Proveedores de servicios (hosting, plataformas de email marketing) que act\u00faan como Encargados del Tratamiento.<\/p><\/li><li><p data-path-to-node=\"18,2,0\">Autoridades p\u00fablicas o legales, cuando exista una obligaci\u00f3n legal.<\/p><\/li><\/ul><blockquote data-path-to-node=\"19\"><p data-path-to-node=\"19,0\"><b data-path-to-node=\"19,0\" data-index-in-node=\"0\">Nota sobre Transferencias Internacionales:<\/b> Dado que parte de nuestras operaciones o soporte (ej. n\u00famero de contacto en Brasil) se encuentra fuera del Espacio Econ\u00f3mico Europeo (EEE), sus datos podr\u00edan ser transferidos internacionalmente. En estos casos, garantizamos que se aplican las salvaguardas adecuadas, como las Cl\u00e1usulas Contractuales Tipo (CCT) aprobadas por la Comisi\u00f3n Europea, para asegurar un nivel de protecci\u00f3n equivalente al del RGPD.<\/p><\/blockquote><h3 data-path-to-node=\"20\">5. Cookies y tecnolog\u00edas de seguimiento<\/h3><p data-path-to-node=\"21\">Utilizamos cookies para:<\/p><ul data-path-to-node=\"22\"><li><p data-path-to-node=\"22,0,0\">Garantizar el funcionamiento t\u00e9cnico del sitio web (Cookies estrictamente necesarias).<\/p><\/li><li><p data-path-to-node=\"22,1,0\">Analizar el rendimiento y el comportamiento del usuario (Cookies anal\u00edticas).<\/p><\/li><li><p data-path-to-node=\"22,2,0\">Personalizar su experiencia y mostrar publicidad relevante (Cookies de marketing).<\/p><\/li><\/ul><p data-path-to-node=\"23\">Usted puede gestionar, aceptar o rechazar las cookies no esenciales en cualquier momento a trav\u00e9s de nuestro panel de configuraci\u00f3n de cookies en su navegador.<\/p><h3 data-path-to-node=\"24\">6. Seguridad de la informaci\u00f3n<\/h3><p data-path-to-node=\"25\">Adoptamos medidas de seguridad t\u00e9cnicas y organizativas para proteger sus datos contra acceso no autorizado, p\u00e9rdida o alteraci\u00f3n, tales como:<\/p><ul data-path-to-node=\"26\"><li><p data-path-to-node=\"26,0,0\">Cifrado de datos sensibles (protocolos SSL\/TLS).<\/p><\/li><li><p data-path-to-node=\"26,1,0\">Control estricto de acceso a los sistemas internos.<\/p><\/li><li><p data-path-to-node=\"26,2,0\">Ning\u00fan sistema en Internet es <b data-path-to-node=\"26,2,0\" data-index-in-node=\"30\">100% seguro<\/b>, pero nos comprometemos a revisar y actualizar continuamente nuestras pr\u00e1cticas de seguridad.<\/p><\/li><\/ul><h3 data-path-to-node=\"27\">7. Derechos del interesado (Sus Derechos)<\/h3><p data-path-to-node=\"28\">De acuerdo con el RGPD, usted tiene derecho a:<\/p><ul data-path-to-node=\"29\"><li><p data-path-to-node=\"29,0,0\"><b data-path-to-node=\"29,0,0\" data-index-in-node=\"0\">Acceso:<\/b> Conocer qu\u00e9 datos personales suyos estamos tratando.<\/p><\/li><li><p data-path-to-node=\"29,1,0\"><b data-path-to-node=\"29,1,0\" data-index-in-node=\"0\">Rectificaci\u00f3n:<\/b> Corregir datos inexactos o incompletos.<\/p><\/li><li><p data-path-to-node=\"29,2,0\"><b data-path-to-node=\"29,2,0\" data-index-in-node=\"0\">Supresi\u00f3n (\u00abDerecho al olvido\u00bb):<\/b> Solicitar la eliminaci\u00f3n de sus datos cuando ya no sean necesarios para los fines recogidos.<\/p><\/li><li><p data-path-to-node=\"29,3,0\"><b data-path-to-node=\"29,3,0\" data-index-in-node=\"0\">Oposici\u00f3n:<\/b> Oponerse al tratamiento de sus datos para fines espec\u00edficos (como el marketing directo).<\/p><\/li><li><p data-path-to-node=\"29,4,0\"><b data-path-to-node=\"29,4,0\" data-index-in-node=\"0\">Limitaci\u00f3n del tratamiento:<\/b> Solicitar que se suspenda el tratamiento de sus datos en determinados casos.<\/p><\/li><li><p data-path-to-node=\"29,5,0\"><b data-path-to-node=\"29,5,0\" data-index-in-node=\"0\">Portabilidad:<\/b> Recibir sus datos en un formato estructurado y de uso com\u00fan, o solicitar que se transmitan a otro responsable.<\/p><\/li><\/ul><p data-path-to-node=\"30\">Para ejercer sus derechos, p\u00f3ngase en contacto con nosotros en <b data-path-to-node=\"30\" data-index-in-node=\"63\">contacto.es@3deuropean.com<\/b>. Asimismo, le informamos que tiene derecho a presentar una reclamaci\u00f3n ante la Autoridad de Control en materia de protecci\u00f3n de datos de su pa\u00eds (por ejemplo, la Agencia Espa\u00f1ola de Protecci\u00f3n de Datos &#8211; AEPD).<\/p><h3 data-path-to-node=\"31\">8. Datos de menores<\/h3><p data-path-to-node=\"32\">Nuestros servicios no est\u00e1n dirigidos a menores de 18 a\u00f1os. No recopilamos conscientemente datos de menores sin el consentimiento verificable de sus padres o tutores legales. Si detectamos dicha recopilaci\u00f3n, los datos ser\u00e1n eliminados de inmediato.<\/p><h3 data-path-to-node=\"33\">9. Conservaci\u00f3n de Datos<\/h3><p data-path-to-node=\"34\">Sus datos se conservar\u00e1n \u00fanicamente durante el tiempo necesario para cumplir con las finalidades para las que fueron recopilados (ej. mientras mantenga su cuenta activa) y, posteriormente, durante los plazos exigidos por las obligaciones legales y fiscales aplicables.<\/p><h3 data-path-to-node=\"35\">10. Actualizaciones de la Pol\u00edtica<\/h3><p data-path-to-node=\"36\">Esta Pol\u00edtica podr\u00e1 ser actualizada peri\u00f3dicamente para reflejar cambios legales o en nuestros servicios. Notificaremos cualquier cambio significativo a trav\u00e9s de nuestro sitio web o por correo electr\u00f3nico.<\/p><p data-path-to-node=\"37\"><b data-path-to-node=\"37\" data-index-in-node=\"0\">\u00daltima actualizaci\u00f3n:<\/b> 15\/05\/2025<\/p><hr data-path-to-node=\"38\" \/><p data-path-to-node=\"39\">Si tiene alguna pregunta sobre esta Pol\u00edtica de Privacidad o sobre c\u00f3mo tratamos sus datos, no dude en contactarnos: \ud83d\udce7 <b data-path-to-node=\"39\" data-index-in-node=\"120\">contacto.es@3deuropean.com<\/b> \ud83d\udcde <b data-path-to-node=\"39\" data-index-in-node=\"150\">+55 47 984033999<\/b><\/p>\t\t\t\t\t\t\t\t<\/div>\n\t\t\t\t<\/div>\n\t\t\t\t<\/div>\n\t\t\t\t\t<\/div>\n\t\t\t\t<\/div>\n\t\t\t\t<\/div>\n\t\t","protected":false},"excerpt":{"rendered":"<p>Pol\u00edtica de Privacidad \u2013 3D Global En 3D Global, su privacidad es una prioridad. Esta Pol\u00edtica de Privacidad explica c\u00f3mo recopilamos, usamos, almacenamos y protegemos sus datos personales en nuestro comercio electr\u00f3nico. En 3D Global, valoramos la seguridad, la privacidad y la transparencia en el tratamiento de sus datos. Esta Pol\u00edtica de Privacidad describe c\u00f3mo [&hellip;]<\/p>\n","protected":false},"author":1,"featured_media":0,"parent":0,"menu_order":0,"comment_status":"closed","ping_status":"closed","template":"elementor_header_footer","meta":{"footnotes":""},"class_list":["post-242","page","type-page","status-publish","hentry"],"_links":{"self":[{"href":"https:\/\/3deuropean.com\/es\/wp-json\/wp\/v2\/pages\/242","targetHints":{"allow":["GET"]}}],"collection":[{"href":"https:\/\/3deuropean.com\/es\/wp-json\/wp\/v2\/pages"}],"about":[{"href":"https:\/\/3deuropean.com\/es\/wp-json\/wp\/v2\/types\/page"}],"author":[{"embeddable":true,"href":"https:\/\/3deuropean.com\/es\/wp-json\/wp\/v2\/users\/1"}],"replies":[{"embeddable":true,"href":"https:\/\/3deuropean.com\/es\/wp-json\/wp\/v2\/comments?post=242"}],"version-history":[{"count":32,"href":"https:\/\/3deuropean.com\/es\/wp-json\/wp\/v2\/pages\/242\/revisions"}],"predecessor-version":[{"id":8687,"href":"https:\/\/3deuropean.com\/es\/wp-json\/wp\/v2\/pages\/242\/revisions\/8687"}],"wp:attachment":[{"href":"https:\/\/3deuropean.com\/es\/wp-json\/wp\/v2\/media?parent=242"}],"curies":[{"name":"wp","href":"https:\/\/api.w.org\/{rel}","templated":true}]}}