{"id":237,"date":"2025-06-03T19:31:49","date_gmt":"2025-06-03T19:31:49","guid":{"rendered":"https:\/\/loja.bewmarketingdigital.com.br\/?page_id=237"},"modified":"2026-03-18T14:26:13","modified_gmt":"2026-03-18T14:26:13","slug":"sobre-nosotros","status":"publish","type":"page","link":"https:\/\/3deuropean.com\/es\/sobre-nosotros\/","title":{"rendered":"Sobre nosotros"},"content":{"rendered":"\t\t<div data-elementor-type=\"wp-page\" data-elementor-id=\"237\" class=\"elementor elementor-237\" data-elementor-settings=\"{&quot;ha_cmc_init_switcher&quot;:&quot;no&quot;}\" data-elementor-post-type=\"page\">\n\t\t\t\t<div class=\"elementor-element elementor-element-cc5f097 e-flex e-con-boxed e-con e-parent\" data-id=\"cc5f097\" data-element_type=\"container\" data-e-type=\"container\" data-settings=\"{&quot;background_background&quot;:&quot;classic&quot;,&quot;_ha_eqh_enable&quot;:false}\">\n\t\t\t\t\t<div class=\"e-con-inner\">\n\t\t<div class=\"elementor-element elementor-element-f82fbbc e-con-full e-flex e-con e-child\" data-id=\"f82fbbc\" data-element_type=\"container\" data-e-type=\"container\" data-settings=\"{&quot;_ha_eqh_enable&quot;:false}\">\n\t\t<div class=\"elementor-element elementor-element-340b1c0 e-con-full e-flex e-con e-child\" data-id=\"340b1c0\" data-element_type=\"container\" data-e-type=\"container\" data-settings=\"{&quot;_ha_eqh_enable&quot;:false}\">\n\t\t\t\t<div class=\"elementor-element elementor-element-3ca855e elementor-widget-mobile__width-initial elementor-widget elementor-widget-heading\" data-id=\"3ca855e\" data-element_type=\"widget\" data-e-type=\"widget\" data-widget_type=\"heading.default\">\n\t\t\t\t\t<h2 class=\"elementor-heading-title elementor-size-default\">Sobre 3D Global<\/h2>\t\t\t\t<\/div>\n\t\t\t\t<div class=\"elementor-element elementor-element-2689085 elementor-widget__width-initial elementor-widget-divider--view-line elementor-widget elementor-widget-divider\" data-id=\"2689085\" data-element_type=\"widget\" data-e-type=\"widget\" data-widget_type=\"divider.default\">\n\t\t\t\t\t\t\t<div class=\"elementor-divider\">\n\t\t\t<span class=\"elementor-divider-separator\">\n\t\t\t\t\t\t<\/span>\n\t\t<\/div>\n\t\t\t\t\t\t<\/div>\n\t\t\t\t<\/div>\n\t\t<div class=\"elementor-element elementor-element-4c90df8 e-con-full e-flex e-con e-child\" data-id=\"4c90df8\" data-element_type=\"container\" data-e-type=\"container\" data-settings=\"{&quot;_ha_eqh_enable&quot;:false}\">\n\t\t\t\t<div class=\"elementor-element elementor-element-a4de188 elementor-widget__width-initial elementor-widget elementor-widget-text-editor\" data-id=\"a4de188\" data-element_type=\"widget\" data-e-type=\"widget\" data-widget_type=\"text-editor.default\">\n\t\t\t\t\t\t\t\t\t<p>Durante a\u00f1os, la 3D Tr\u00f3feus se convirti\u00f3 en referencia nacional en la creaci\u00f3n de trofeos exclusivos \u2014 piezas que celebran victorias en los mayores eventos deportivos y corporativos de Brasil. Con cada encargo, perfeccionamos nuestra t\u00e9cnica de resina 3D maciza, nuestro acabado artesanal y, sobre todo, nuestra convicci\u00f3n de que cada logro merece ser recordado con algo \u00fanico.<\/p><p><br><\/p><p>3D Global naci\u00f3 de esa trayectoria. Cuando empezamos a recibir pedidos de atletas, clubes y organizadores de eventos fuera de Brasil, entendimos que la excelencia no tiene fronteras. Creamos 3D Global para llevar al mercado europeo el mismo est\u00e1ndar que ha distinguido a la 3D Tr\u00f3feus en Brasil: dise\u00f1o exclusivo, materiales nobles y un acabado que convierte cada trofeo en una pieza de colecci\u00f3n.<\/p><p><br><\/p><p>M\u00e1s que fabricar premios, seguimos contando historias. Porque toda conquista \u2014 sea en un campo de p\u00e1del en Madrid, en una pista de atletismo en Londres o en una sala de conferencias en Berl\u00edn \u2014 merece celebrarse con algo que dure tanto como el recuerdo.<\/p><p><br><\/p><p>Bienvenido a 3D Global. Entregamos presencia.<\/p>\t\t\t\t\t\t\t\t<\/div>\n\t\t\t\t<\/div>\n\t\t<div class=\"elementor-element elementor-element-6da6290 e-con-full e-flex e-con e-child\" data-id=\"6da6290\" data-element_type=\"container\" data-e-type=\"container\" data-settings=\"{&quot;_ha_eqh_enable&quot;:false}\">\n\t\t\t\t<div class=\"elementor-element elementor-element-b3d9e9d elementor-widget elementor-widget-ha-justified-gallery happy-addon ha-justified-gallery\" data-id=\"b3d9e9d\" data-element_type=\"widget\" data-e-type=\"widget\" data-settings=\"{&quot;row_height&quot;:{&quot;unit&quot;:&quot;px&quot;,&quot;size&quot;:208,&quot;sizes&quot;:[]},&quot;margins&quot;:{&quot;unit&quot;:&quot;px&quot;,&quot;size&quot;:10,&quot;sizes&quot;:[]},&quot;last_row&quot;:&quot;justify&quot;,&quot;enable_popup&quot;:&quot;yes&quot;}\" data-widget_type=\"ha-justified-gallery.default\">\n\t\t\t\t\t\n\t\t<div class=\"ha-justified-grid__wrap hajs-justified-grid\">\n\t\t\t\t\t\t\t<a href=\"#\" data-mfp-src=\"https:\/\/3deuropean.com\/wp-content\/uploads\/2025\/06\/IMG_6721-1.jpg\" class=\"ha-justified-grid__item ha-js-lightbox __fltr-1\" title=\"\">\n\t\t\t\t\t<img fetchpriority=\"high\" decoding=\"async\" width=\"768\" height=\"561\" src=\"https:\/\/3deuropean.com\/wp-content\/uploads\/2025\/06\/IMG_6721-1-768x561.jpg\" class=\"elementor-animation-grow\" alt=\"\" srcset=\"https:\/\/3deuropean.com\/wp-content\/uploads\/2025\/06\/IMG_6721-1-768x561.jpg 768w, https:\/\/3deuropean.com\/wp-content\/uploads\/2025\/06\/IMG_6721-1-600x438.jpg 600w, https:\/\/3deuropean.com\/wp-content\/uploads\/2025\/06\/IMG_6721-1-300x219.jpg 300w, https:\/\/3deuropean.com\/wp-content\/uploads\/2025\/06\/IMG_6721-1.jpg 1000w\" sizes=\"(max-width: 768px) 100vw, 768px\" \/>\t\t\t\t<\/a>\n\t\t\t\t\t\t\t<a href=\"#\" data-mfp-src=\"https:\/\/3deuropean.com\/wp-content\/uploads\/2025\/06\/IMG_6810-1.jpg\" class=\"ha-justified-grid__item ha-js-lightbox __fltr-1\" title=\"\">\n\t\t\t\t\t<img decoding=\"async\" width=\"768\" height=\"768\" src=\"https:\/\/3deuropean.com\/wp-content\/uploads\/2025\/06\/IMG_6810-1-768x768.jpg\" class=\"elementor-animation-grow\" alt=\"\" srcset=\"https:\/\/3deuropean.com\/wp-content\/uploads\/2025\/06\/IMG_6810-1-768x768.jpg 768w, https:\/\/3deuropean.com\/wp-content\/uploads\/2025\/06\/IMG_6810-1-300x300.jpg 300w, https:\/\/3deuropean.com\/wp-content\/uploads\/2025\/06\/IMG_6810-1-100x100.jpg 100w, https:\/\/3deuropean.com\/wp-content\/uploads\/2025\/06\/IMG_6810-1-600x600.jpg 600w, https:\/\/3deuropean.com\/wp-content\/uploads\/2025\/06\/IMG_6810-1-150x150.jpg 150w, https:\/\/3deuropean.com\/wp-content\/uploads\/2025\/06\/IMG_6810-1.jpg 1000w\" sizes=\"(max-width: 768px) 100vw, 768px\" \/>\t\t\t\t<\/a>\n\t\t\t\t\t\t\t<a href=\"#\" data-mfp-src=\"https:\/\/3deuropean.com\/wp-content\/uploads\/2025\/06\/IMG_2563-1.jpg\" class=\"ha-justified-grid__item ha-js-lightbox __fltr-1\" title=\"\">\n\t\t\t\t\t<img decoding=\"async\" width=\"768\" height=\"768\" src=\"https:\/\/3deuropean.com\/wp-content\/uploads\/2025\/06\/IMG_2563-1-768x768.jpg\" class=\"elementor-animation-grow\" alt=\"\" srcset=\"https:\/\/3deuropean.com\/wp-content\/uploads\/2025\/06\/IMG_2563-1-768x768.jpg 768w, https:\/\/3deuropean.com\/wp-content\/uploads\/2025\/06\/IMG_2563-1-300x300.jpg 300w, https:\/\/3deuropean.com\/wp-content\/uploads\/2025\/06\/IMG_2563-1-100x100.jpg 100w, https:\/\/3deuropean.com\/wp-content\/uploads\/2025\/06\/IMG_2563-1-600x600.jpg 600w, https:\/\/3deuropean.com\/wp-content\/uploads\/2025\/06\/IMG_2563-1-150x150.jpg 150w, https:\/\/3deuropean.com\/wp-content\/uploads\/2025\/06\/IMG_2563-1.jpg 1000w\" sizes=\"(max-width: 768px) 100vw, 768px\" \/>\t\t\t\t<\/a>\n\t\t\t\t\t\t\t<a href=\"#\" data-mfp-src=\"https:\/\/3deuropean.com\/wp-content\/uploads\/2025\/06\/IMG_2666-1.jpg\" class=\"ha-justified-grid__item ha-js-lightbox __fltr-1\" title=\"\">\n\t\t\t\t\t<img loading=\"lazy\" decoding=\"async\" width=\"768\" height=\"768\" src=\"https:\/\/3deuropean.com\/wp-content\/uploads\/2025\/06\/IMG_2666-1-768x768.jpg\" class=\"elementor-animation-grow\" alt=\"\" srcset=\"https:\/\/3deuropean.com\/wp-content\/uploads\/2025\/06\/IMG_2666-1-768x768.jpg 768w, https:\/\/3deuropean.com\/wp-content\/uploads\/2025\/06\/IMG_2666-1-300x300.jpg 300w, https:\/\/3deuropean.com\/wp-content\/uploads\/2025\/06\/IMG_2666-1-100x100.jpg 100w, https:\/\/3deuropean.com\/wp-content\/uploads\/2025\/06\/IMG_2666-1-600x600.jpg 600w, https:\/\/3deuropean.com\/wp-content\/uploads\/2025\/06\/IMG_2666-1-150x150.jpg 150w, https:\/\/3deuropean.com\/wp-content\/uploads\/2025\/06\/IMG_2666-1.jpg 1000w\" sizes=\"(max-width: 768px) 100vw, 768px\" \/>\t\t\t\t<\/a>\n\t\t\t\t\t\t\t<a href=\"#\" data-mfp-src=\"https:\/\/3deuropean.com\/wp-content\/uploads\/2025\/06\/IMG_3658-1.jpg\" class=\"ha-justified-grid__item ha-js-lightbox __fltr-1\" title=\"\">\n\t\t\t\t\t<img loading=\"lazy\" decoding=\"async\" width=\"768\" height=\"634\" src=\"https:\/\/3deuropean.com\/wp-content\/uploads\/2025\/06\/IMG_3658-1-768x634.jpg\" class=\"elementor-animation-grow\" alt=\"\" srcset=\"https:\/\/3deuropean.com\/wp-content\/uploads\/2025\/06\/IMG_3658-1-768x634.jpg 768w, https:\/\/3deuropean.com\/wp-content\/uploads\/2025\/06\/IMG_3658-1-600x495.jpg 600w, https:\/\/3deuropean.com\/wp-content\/uploads\/2025\/06\/IMG_3658-1-300x248.jpg 300w, https:\/\/3deuropean.com\/wp-content\/uploads\/2025\/06\/IMG_3658-1.jpg 1000w\" sizes=\"(max-width: 768px) 100vw, 768px\" \/>\t\t\t\t<\/a>\n\t\t\t\t\t\t\t<a href=\"#\" data-mfp-src=\"https:\/\/3deuropean.com\/wp-content\/uploads\/2025\/06\/IMG_3673-1.jpg\" class=\"ha-justified-grid__item ha-js-lightbox __fltr-1\" title=\"\">\n\t\t\t\t\t<img loading=\"lazy\" decoding=\"async\" width=\"768\" height=\"672\" src=\"https:\/\/3deuropean.com\/wp-content\/uploads\/2025\/06\/IMG_3673-1-768x672.jpg\" class=\"elementor-animation-grow\" alt=\"\" srcset=\"https:\/\/3deuropean.com\/wp-content\/uploads\/2025\/06\/IMG_3673-1-768x672.jpg 768w, https:\/\/3deuropean.com\/wp-content\/uploads\/2025\/06\/IMG_3673-1-600x525.jpg 600w, https:\/\/3deuropean.com\/wp-content\/uploads\/2025\/06\/IMG_3673-1-300x263.jpg 300w, https:\/\/3deuropean.com\/wp-content\/uploads\/2025\/06\/IMG_3673-1.jpg 1000w\" sizes=\"(max-width: 768px) 100vw, 768px\" \/>\t\t\t\t<\/a>\n\t\t\t\t\t\t\t<a href=\"#\" data-mfp-src=\"https:\/\/3deuropean.com\/wp-content\/uploads\/2025\/06\/IMG_0841-1-768x1024.jpg\" class=\"ha-justified-grid__item ha-js-lightbox __fltr-1\" title=\"\">\n\t\t\t\t\t<img loading=\"lazy\" decoding=\"async\" width=\"768\" height=\"1024\" src=\"https:\/\/3deuropean.com\/wp-content\/uploads\/2025\/06\/IMG_0841-1-768x1024.jpg\" class=\"elementor-animation-grow\" alt=\"\" srcset=\"https:\/\/3deuropean.com\/wp-content\/uploads\/2025\/06\/IMG_0841-1-768x1024.jpg 768w, https:\/\/3deuropean.com\/wp-content\/uploads\/2025\/06\/IMG_0841-1-600x800.jpg 600w, https:\/\/3deuropean.com\/wp-content\/uploads\/2025\/06\/IMG_0841-1-225x300.jpg 225w, https:\/\/3deuropean.com\/wp-content\/uploads\/2025\/06\/IMG_0841-1.jpg 1000w\" sizes=\"(max-width: 768px) 100vw, 768px\" \/>\t\t\t\t<\/a>\n\t\t\t\t\t\t\t<a href=\"#\" data-mfp-src=\"https:\/\/3deuropean.com\/wp-content\/uploads\/2025\/06\/IMG_6539-1.jpg\" class=\"ha-justified-grid__item ha-js-lightbox __fltr-1\" title=\"\">\n\t\t\t\t\t<img loading=\"lazy\" decoding=\"async\" width=\"768\" height=\"680\" src=\"https:\/\/3deuropean.com\/wp-content\/uploads\/2025\/06\/IMG_6539-1-768x680.jpg\" class=\"elementor-animation-grow\" alt=\"\" srcset=\"https:\/\/3deuropean.com\/wp-content\/uploads\/2025\/06\/IMG_6539-1-768x680.jpg 768w, https:\/\/3deuropean.com\/wp-content\/uploads\/2025\/06\/IMG_6539-1-600x532.jpg 600w, https:\/\/3deuropean.com\/wp-content\/uploads\/2025\/06\/IMG_6539-1-300x266.jpg 300w, https:\/\/3deuropean.com\/wp-content\/uploads\/2025\/06\/IMG_6539-1.jpg 1000w\" sizes=\"(max-width: 768px) 100vw, 768px\" \/>\t\t\t\t<\/a>\n\t\t\t\t\t\t\t<a href=\"#\" data-mfp-src=\"https:\/\/3deuropean.com\/wp-content\/uploads\/2025\/06\/IMG_8878-1.jpg\" class=\"ha-justified-grid__item ha-js-lightbox __fltr-1\" title=\"\">\n\t\t\t\t\t<img loading=\"lazy\" decoding=\"async\" width=\"768\" height=\"768\" src=\"https:\/\/3deuropean.com\/wp-content\/uploads\/2025\/06\/IMG_8878-1-768x768.jpg\" class=\"elementor-animation-grow\" alt=\"\" srcset=\"https:\/\/3deuropean.com\/wp-content\/uploads\/2025\/06\/IMG_8878-1-768x768.jpg 768w, https:\/\/3deuropean.com\/wp-content\/uploads\/2025\/06\/IMG_8878-1-300x300.jpg 300w, https:\/\/3deuropean.com\/wp-content\/uploads\/2025\/06\/IMG_8878-1-100x100.jpg 100w, https:\/\/3deuropean.com\/wp-content\/uploads\/2025\/06\/IMG_8878-1-600x600.jpg 600w, https:\/\/3deuropean.com\/wp-content\/uploads\/2025\/06\/IMG_8878-1-150x150.jpg 150w, https:\/\/3deuropean.com\/wp-content\/uploads\/2025\/06\/IMG_8878-1.jpg 1000w\" sizes=\"(max-width: 768px) 100vw, 768px\" \/>\t\t\t\t<\/a>\n\t\t\t\t\t\t\t<a href=\"#\" data-mfp-src=\"https:\/\/3deuropean.com\/wp-content\/uploads\/2025\/06\/IMG_8877-1-768x1024.jpg\" class=\"ha-justified-grid__item ha-js-lightbox __fltr-1\" title=\"\">\n\t\t\t\t\t<img loading=\"lazy\" decoding=\"async\" width=\"768\" height=\"1024\" src=\"https:\/\/3deuropean.com\/wp-content\/uploads\/2025\/06\/IMG_8877-1-768x1024.jpg\" class=\"elementor-animation-grow\" alt=\"\" srcset=\"https:\/\/3deuropean.com\/wp-content\/uploads\/2025\/06\/IMG_8877-1-768x1024.jpg 768w, https:\/\/3deuropean.com\/wp-content\/uploads\/2025\/06\/IMG_8877-1-600x800.jpg 600w, https:\/\/3deuropean.com\/wp-content\/uploads\/2025\/06\/IMG_8877-1-225x300.jpg 225w, https:\/\/3deuropean.com\/wp-content\/uploads\/2025\/06\/IMG_8877-1.jpg 1000w\" sizes=\"(max-width: 768px) 100vw, 768px\" \/>\t\t\t\t<\/a>\n\t\t\t\t\t<\/div>\n\n\t\t\t\t\t\t<\/div>\n\t\t\t\t<\/div>\n\t\t\t\t<\/div>\n\t\t\t\t\t<\/div>\n\t\t\t\t<\/div>\n\t\t\t\t<\/div>\n\t\t","protected":false},"excerpt":{"rendered":"<p>Sobre 3D Global Durante a\u00f1os, la 3D Tr\u00f3feus se convirti\u00f3 en referencia nacional en la creaci\u00f3n de trofeos exclusivos \u2014 piezas que celebran victorias en los mayores eventos deportivos y corporativos de Brasil. Con cada encargo, perfeccionamos nuestra t\u00e9cnica de resina 3D maciza, nuestro acabado artesanal y, sobre todo, nuestra convicci\u00f3n de que cada logro [&hellip;]<\/p>\n","protected":false},"author":1,"featured_media":0,"parent":0,"menu_order":0,"comment_status":"closed","ping_status":"closed","template":"elementor_header_footer","meta":{"footnotes":""},"class_list":["post-237","page","type-page","status-publish","hentry"],"_links":{"self":[{"href":"https:\/\/3deuropean.com\/es\/wp-json\/wp\/v2\/pages\/237","targetHints":{"allow":["GET"]}}],"collection":[{"href":"https:\/\/3deuropean.com\/es\/wp-json\/wp\/v2\/pages"}],"about":[{"href":"https:\/\/3deuropean.com\/es\/wp-json\/wp\/v2\/types\/page"}],"author":[{"embeddable":true,"href":"https:\/\/3deuropean.com\/es\/wp-json\/wp\/v2\/users\/1"}],"replies":[{"embeddable":true,"href":"https:\/\/3deuropean.com\/es\/wp-json\/wp\/v2\/comments?post=237"}],"version-history":[{"count":23,"href":"https:\/\/3deuropean.com\/es\/wp-json\/wp\/v2\/pages\/237\/revisions"}],"predecessor-version":[{"id":8684,"href":"https:\/\/3deuropean.com\/es\/wp-json\/wp\/v2\/pages\/237\/revisions\/8684"}],"wp:attachment":[{"href":"https:\/\/3deuropean.com\/es\/wp-json\/wp\/v2\/media?parent=237"}],"curies":[{"name":"wp","href":"https:\/\/api.w.org\/{rel}","templated":true}]}}