{"id":7177,"date":"2025-12-11T00:24:00","date_gmt":"2025-12-11T00:24:00","guid":{"rendered":"https:\/\/loja.bewmarketingdigital.com.br\/?post_type=product&#038;p=7177"},"modified":"2026-04-07T20:15:11","modified_gmt":"2026-04-07T20:15:11","slug":"trofeu-hexa","status":"publish","type":"product","link":"https:\/\/3deuropean.com\/en\/produto\/trofeu-hexa\/","title":{"rendered":"Hexa Trophy"},"content":{"rendered":"<p>Juego de caras con lectura t\u00e9cnica y contempor\u00e1nea, ideal para campeonatos con identidad m\u00e1s \u00abtech\u00bb.<\/p>","protected":false},"excerpt":{"rendered":"<p>Juego de caras con lectura t\u00e9cnica y contempor\u00e1nea, ideal para campeonatos con identidad m\u00e1s \u00abtech\u00bb.<\/p>","protected":false},"featured_media":9515,"comment_status":"open","ping_status":"closed","template":"","meta":[],"product_brand":[],"product_cat":[15],"product_tag":[],"class_list":{"0":"post-7177","1":"product","2":"type-product","3":"status-publish","4":"has-post-thumbnail","6":"product_cat-sem-categoria","8":"first","9":"instock","10":"shipping-taxable","11":"purchasable","12":"product-type-variable"},"_links":{"self":[{"href":"https:\/\/3deuropean.com\/en\/wp-json\/wp\/v2\/product\/7177","targetHints":{"allow":["GET"]}}],"collection":[{"href":"https:\/\/3deuropean.com\/en\/wp-json\/wp\/v2\/product"}],"about":[{"href":"https:\/\/3deuropean.com\/en\/wp-json\/wp\/v2\/types\/product"}],"replies":[{"embeddable":true,"href":"https:\/\/3deuropean.com\/en\/wp-json\/wp\/v2\/comments?post=7177"}],"wp:featuredmedia":[{"embeddable":true,"href":"https:\/\/3deuropean.com\/en\/wp-json\/wp\/v2\/media\/9515"}],"wp:attachment":[{"href":"https:\/\/3deuropean.com\/en\/wp-json\/wp\/v2\/media?parent=7177"}],"wp:term":[{"taxonomy":"product_brand","embeddable":true,"href":"https:\/\/3deuropean.com\/en\/wp-json\/wp\/v2\/product_brand?post=7177"},{"taxonomy":"product_cat","embeddable":true,"href":"https:\/\/3deuropean.com\/en\/wp-json\/wp\/v2\/product_cat?post=7177"},{"taxonomy":"product_tag","embeddable":true,"href":"https:\/\/3deuropean.com\/en\/wp-json\/wp\/v2\/product_tag?post=7177"}],"curies":[{"name":"wp","href":"https:\/\/api.w.org\/{rel}","templated":true}]}}