{"id":7084,"date":"2025-12-11T00:23:52","date_gmt":"2025-12-11T00:23:52","guid":{"rendered":"https:\/\/loja.bewmarketingdigital.com.br\/?post_type=product&#038;p=7084"},"modified":"2026-04-02T19:33:11","modified_gmt":"2026-04-02T19:33:11","slug":"trofeu-premier-tenis","status":"publish","type":"product","link":"https:\/\/3deuropean.com\/en\/produto\/trofeu-premier-tenis\/","title":{"rendered":"Premier Trophy - T\u00eanis"},"content":{"rendered":"<p>Pieza de 21 cm con dise\u00f1o escult\u00f3rico y \u00e1rea circular destacada para el logo del evento. El recorte central garantiza lectura premium en el podio. Base estable con placa frontal para personalizaci\u00f3n de posici\u00f3n (1\u00ba\u20134\u00ba), fecha y ciudad.<\/p>","protected":false},"excerpt":{"rendered":"<p>Pieza de 21 cm con dise\u00f1o escult\u00f3rico y \u00e1rea circular destacada para el logo del evento. El recorte central garantiza lectura premium en el podio.<\/p>","protected":false},"featured_media":9425,"comment_status":"open","ping_status":"closed","template":"","meta":[],"product_brand":[],"product_cat":[79],"product_tag":[],"class_list":{"0":"post-7084","1":"product","2":"type-product","3":"status-publish","4":"has-post-thumbnail","6":"product_cat-tennis","8":"first","9":"instock","10":"shipping-taxable","11":"purchasable","12":"product-type-variable"},"_links":{"self":[{"href":"https:\/\/3deuropean.com\/en\/wp-json\/wp\/v2\/product\/7084","targetHints":{"allow":["GET"]}}],"collection":[{"href":"https:\/\/3deuropean.com\/en\/wp-json\/wp\/v2\/product"}],"about":[{"href":"https:\/\/3deuropean.com\/en\/wp-json\/wp\/v2\/types\/product"}],"replies":[{"embeddable":true,"href":"https:\/\/3deuropean.com\/en\/wp-json\/wp\/v2\/comments?post=7084"}],"wp:featuredmedia":[{"embeddable":true,"href":"https:\/\/3deuropean.com\/en\/wp-json\/wp\/v2\/media\/9425"}],"wp:attachment":[{"href":"https:\/\/3deuropean.com\/en\/wp-json\/wp\/v2\/media?parent=7084"}],"wp:term":[{"taxonomy":"product_brand","embeddable":true,"href":"https:\/\/3deuropean.com\/en\/wp-json\/wp\/v2\/product_brand?post=7084"},{"taxonomy":"product_cat","embeddable":true,"href":"https:\/\/3deuropean.com\/en\/wp-json\/wp\/v2\/product_cat?post=7084"},{"taxonomy":"product_tag","embeddable":true,"href":"https:\/\/3deuropean.com\/en\/wp-json\/wp\/v2\/product_tag?post=7084"}],"curies":[{"name":"wp","href":"https:\/\/api.w.org\/{rel}","templated":true}]}}