{"id":7053,"date":"2025-12-11T00:23:49","date_gmt":"2025-12-11T00:23:49","guid":{"rendered":"https:\/\/loja.bewmarketingdigital.com.br\/?post_type=product&#038;p=7053"},"modified":"2026-04-02T19:41:37","modified_gmt":"2026-04-02T19:41:37","slug":"trofeu-senna-tenis","status":"publish","type":"product","link":"https:\/\/3deuropean.com\/en\/produto\/trofeu-senna-tenis\/","title":{"rendered":"Trofeo Senna \u2013 T\u00eanis"},"content":{"rendered":"<p>Modelo que combina proporci\u00f3n elegante con frente organizado para nombre del evento, edici\u00f3n y patrocinadores. Funciona muy bien en series, manteniendo el mismo lenguaje entre categor\u00edas.<\/p>","protected":false},"excerpt":{"rendered":"<p>Modelo que combina proporci\u00f3n elegante con frente organizado para nombre del evento, edici\u00f3n y patrocinadores. Funciona muy bien en series,<\/p>","protected":false},"featured_media":9441,"comment_status":"open","ping_status":"closed","template":"","meta":[],"product_brand":[],"product_cat":[79],"product_tag":[],"class_list":{"0":"post-7053","1":"product","2":"type-product","3":"status-publish","4":"has-post-thumbnail","6":"product_cat-tennis","8":"first","9":"instock","10":"shipping-taxable","11":"purchasable","12":"product-type-variable"},"_links":{"self":[{"href":"https:\/\/3deuropean.com\/en\/wp-json\/wp\/v2\/product\/7053","targetHints":{"allow":["GET"]}}],"collection":[{"href":"https:\/\/3deuropean.com\/en\/wp-json\/wp\/v2\/product"}],"about":[{"href":"https:\/\/3deuropean.com\/en\/wp-json\/wp\/v2\/types\/product"}],"replies":[{"embeddable":true,"href":"https:\/\/3deuropean.com\/en\/wp-json\/wp\/v2\/comments?post=7053"}],"wp:featuredmedia":[{"embeddable":true,"href":"https:\/\/3deuropean.com\/en\/wp-json\/wp\/v2\/media\/9441"}],"wp:attachment":[{"href":"https:\/\/3deuropean.com\/en\/wp-json\/wp\/v2\/media?parent=7053"}],"wp:term":[{"taxonomy":"product_brand","embeddable":true,"href":"https:\/\/3deuropean.com\/en\/wp-json\/wp\/v2\/product_brand?post=7053"},{"taxonomy":"product_cat","embeddable":true,"href":"https:\/\/3deuropean.com\/en\/wp-json\/wp\/v2\/product_cat?post=7053"},{"taxonomy":"product_tag","embeddable":true,"href":"https:\/\/3deuropean.com\/en\/wp-json\/wp\/v2\/product_tag?post=7053"}],"curies":[{"name":"wp","href":"https:\/\/api.w.org\/{rel}","templated":true}]}}