{"id":6995,"date":"2025-12-11T00:23:44","date_gmt":"2025-12-11T00:23:44","guid":{"rendered":"https:\/\/loja.bewmarketingdigital.com.br\/?post_type=product&#038;p=6995"},"modified":"2026-04-02T20:53:18","modified_gmt":"2026-04-02T20:53:18","slug":"trofeu-seven-tenis","status":"publish","type":"product","link":"https:\/\/3deuropean.com\/en\/produto\/trofeu-seven-tenis\/","title":{"rendered":"Trofeo Seven \u2013 T\u00eanis"},"content":{"rendered":"<p>Pieza pensada para estandarizar muchas categor\u00edas sin perder est\u00e9tica. La cara central valoriza el logo del circuito, los trazos geom\u00e9tricos aportan imponencia y la base permite plaqueta 1\u00ba\u20134\u00ba con excelente legibilidad.<\/p>","protected":false},"excerpt":{"rendered":"<p>Pieza pensada para estandarizar muchas categor\u00edas sin perder est\u00e9tica. La cara central valoriza el logo del circuito, los trazos geom\u00e9tricos aportan<\/p>","protected":false},"featured_media":9445,"comment_status":"open","ping_status":"closed","template":"","meta":[],"product_brand":[],"product_cat":[79],"product_tag":[],"class_list":{"0":"post-6995","1":"product","2":"type-product","3":"status-publish","4":"has-post-thumbnail","6":"product_cat-tennis","8":"first","9":"instock","10":"shipping-taxable","11":"purchasable","12":"product-type-variable"},"_links":{"self":[{"href":"https:\/\/3deuropean.com\/en\/wp-json\/wp\/v2\/product\/6995","targetHints":{"allow":["GET"]}}],"collection":[{"href":"https:\/\/3deuropean.com\/en\/wp-json\/wp\/v2\/product"}],"about":[{"href":"https:\/\/3deuropean.com\/en\/wp-json\/wp\/v2\/types\/product"}],"replies":[{"embeddable":true,"href":"https:\/\/3deuropean.com\/en\/wp-json\/wp\/v2\/comments?post=6995"}],"wp:featuredmedia":[{"embeddable":true,"href":"https:\/\/3deuropean.com\/en\/wp-json\/wp\/v2\/media\/9445"}],"wp:attachment":[{"href":"https:\/\/3deuropean.com\/en\/wp-json\/wp\/v2\/media?parent=6995"}],"wp:term":[{"taxonomy":"product_brand","embeddable":true,"href":"https:\/\/3deuropean.com\/en\/wp-json\/wp\/v2\/product_brand?post=6995"},{"taxonomy":"product_cat","embeddable":true,"href":"https:\/\/3deuropean.com\/en\/wp-json\/wp\/v2\/product_cat?post=6995"},{"taxonomy":"product_tag","embeddable":true,"href":"https:\/\/3deuropean.com\/en\/wp-json\/wp\/v2\/product_tag?post=6995"}],"curies":[{"name":"wp","href":"https:\/\/api.w.org\/{rel}","templated":true}]}}