{"id":6993,"date":"2025-12-11T00:23:44","date_gmt":"2025-12-11T00:23:44","guid":{"rendered":"https:\/\/loja.bewmarketingdigital.com.br\/?post_type=product&#038;p=6993"},"modified":"2026-04-02T20:48:58","modified_gmt":"2026-04-02T20:48:58","slug":"trofeu-sigma-tenis","status":"publish","type":"product","link":"https:\/\/3deuropean.com\/en\/produto\/trofeu-sigma-tenis\/","title":{"rendered":"Trofeo Sigma \u2013 T\u00eanis"},"content":{"rendered":"<p>Es la pieza ideal para categor\u00edas principales y ceremonias de mayor visibilidad. \u00c1rea frontal amplia y composici\u00f3n vertical que valoriza el registro fotogr\u00e1fico del podio.<\/p>","protected":false},"excerpt":{"rendered":"<p>Es la pieza ideal para categor\u00edas principales y ceremonias de mayor visibilidad. \u00c1rea frontal amplia y composici\u00f3n vertical que valoriza el registro<\/p>","protected":false},"featured_media":9449,"comment_status":"open","ping_status":"closed","template":"","meta":[],"product_brand":[],"product_cat":[79],"product_tag":[],"class_list":{"0":"post-6993","1":"product","2":"type-product","3":"status-publish","4":"has-post-thumbnail","6":"product_cat-tennis","8":"first","9":"instock","10":"shipping-taxable","11":"purchasable","12":"product-type-variable"},"_links":{"self":[{"href":"https:\/\/3deuropean.com\/en\/wp-json\/wp\/v2\/product\/6993","targetHints":{"allow":["GET"]}}],"collection":[{"href":"https:\/\/3deuropean.com\/en\/wp-json\/wp\/v2\/product"}],"about":[{"href":"https:\/\/3deuropean.com\/en\/wp-json\/wp\/v2\/types\/product"}],"replies":[{"embeddable":true,"href":"https:\/\/3deuropean.com\/en\/wp-json\/wp\/v2\/comments?post=6993"}],"wp:featuredmedia":[{"embeddable":true,"href":"https:\/\/3deuropean.com\/en\/wp-json\/wp\/v2\/media\/9449"}],"wp:attachment":[{"href":"https:\/\/3deuropean.com\/en\/wp-json\/wp\/v2\/media?parent=6993"}],"wp:term":[{"taxonomy":"product_brand","embeddable":true,"href":"https:\/\/3deuropean.com\/en\/wp-json\/wp\/v2\/product_brand?post=6993"},{"taxonomy":"product_cat","embeddable":true,"href":"https:\/\/3deuropean.com\/en\/wp-json\/wp\/v2\/product_cat?post=6993"},{"taxonomy":"product_tag","embeddable":true,"href":"https:\/\/3deuropean.com\/en\/wp-json\/wp\/v2\/product_tag?post=6993"}],"curies":[{"name":"wp","href":"https:\/\/api.w.org\/{rel}","templated":true}]}}