{"id":6967,"date":"2025-12-11T00:23:42","date_gmt":"2025-12-11T00:23:42","guid":{"rendered":"https:\/\/loja.bewmarketingdigital.com.br\/?post_type=product&#038;p=6967"},"modified":"2026-04-08T16:55:30","modified_gmt":"2026-04-08T16:55:30","slug":"trofeu-alpha-tenis","status":"publish","type":"product","link":"https:\/\/3deuropean.com\/en\/produto\/trofeu-alpha-tenis\/","title":{"rendered":"Trofeo Alpha \u2013 T\u00eanis"},"content":{"rendered":"<p>Pieza con l\u00edneas firmes y \u00e1rea central amplia para la identidad del torneo. Mantiene \u00f3ptima lectura en fotos y materiales de divulgaci\u00f3n. Base estable preparada para plaqueta, funciona bien en eventos con muchas categor\u00edas.<\/p>","protected":false},"excerpt":{"rendered":"<p>Pieza con l\u00edneas firmes y \u00e1rea central amplia para la identidad del torneo. Mantiene \u00f3ptima lectura en fotos y materiales de divulgaci\u00f3n. Base<\/p>","protected":false},"featured_media":9369,"comment_status":"open","ping_status":"closed","template":"","meta":[],"product_brand":[],"product_cat":[79],"product_tag":[],"class_list":{"0":"post-6967","1":"product","2":"type-product","3":"status-publish","4":"has-post-thumbnail","6":"product_cat-tennis","8":"first","9":"instock","10":"shipping-taxable","11":"purchasable","12":"product-type-variable"},"_links":{"self":[{"href":"https:\/\/3deuropean.com\/en\/wp-json\/wp\/v2\/product\/6967","targetHints":{"allow":["GET"]}}],"collection":[{"href":"https:\/\/3deuropean.com\/en\/wp-json\/wp\/v2\/product"}],"about":[{"href":"https:\/\/3deuropean.com\/en\/wp-json\/wp\/v2\/types\/product"}],"replies":[{"embeddable":true,"href":"https:\/\/3deuropean.com\/en\/wp-json\/wp\/v2\/comments?post=6967"}],"wp:featuredmedia":[{"embeddable":true,"href":"https:\/\/3deuropean.com\/en\/wp-json\/wp\/v2\/media\/9369"}],"wp:attachment":[{"href":"https:\/\/3deuropean.com\/en\/wp-json\/wp\/v2\/media?parent=6967"}],"wp:term":[{"taxonomy":"product_brand","embeddable":true,"href":"https:\/\/3deuropean.com\/en\/wp-json\/wp\/v2\/product_brand?post=6967"},{"taxonomy":"product_cat","embeddable":true,"href":"https:\/\/3deuropean.com\/en\/wp-json\/wp\/v2\/product_cat?post=6967"},{"taxonomy":"product_tag","embeddable":true,"href":"https:\/\/3deuropean.com\/en\/wp-json\/wp\/v2\/product_tag?post=6967"}],"curies":[{"name":"wp","href":"https:\/\/api.w.org\/{rel}","templated":true}]}}