{"id":6965,"date":"2025-12-11T00:23:42","date_gmt":"2025-12-11T00:23:42","guid":{"rendered":"https:\/\/loja.bewmarketingdigital.com.br\/?post_type=product&#038;p=6965"},"modified":"2026-04-02T21:09:19","modified_gmt":"2026-04-02T21:09:19","slug":"trofeu-nadal-tenis","status":"publish","type":"product","link":"https:\/\/3deuropean.com\/en\/produto\/trofeu-nadal-tenis\/","title":{"rendered":"Trofeo Nadal \u2013 T\u00eanis"},"content":{"rendered":"<p>Pieza rectangular dise\u00f1ada para podio principal. La composici\u00f3n vertical valoriza fotos y videos de premiaci\u00f3n, mientras el \u00e1rea frontal central acomoda con claridad la identidad del torneo y sellos de patrocinadores. Las l\u00edneas deportivas refuerzan sensaci\u00f3n de potencia y movimiento. Indicado para categor\u00edas PRO\/OPEN, finales de etapa y premiaciones especiales del circuito.<\/p>","protected":false},"excerpt":{"rendered":"<p>Pieza rectangular dise\u00f1ada para podio principal. La composici\u00f3n vertical valoriza fotos y videos de premiaci\u00f3n, mientras el \u00e1rea frontal central<\/p>","protected":false},"featured_media":9404,"comment_status":"open","ping_status":"closed","template":"","meta":[],"product_brand":[],"product_cat":[79],"product_tag":[],"class_list":{"0":"post-6965","1":"product","2":"type-product","3":"status-publish","4":"has-post-thumbnail","6":"product_cat-tennis","8":"first","9":"instock","10":"shipping-taxable","11":"purchasable","12":"product-type-variable"},"_links":{"self":[{"href":"https:\/\/3deuropean.com\/en\/wp-json\/wp\/v2\/product\/6965","targetHints":{"allow":["GET"]}}],"collection":[{"href":"https:\/\/3deuropean.com\/en\/wp-json\/wp\/v2\/product"}],"about":[{"href":"https:\/\/3deuropean.com\/en\/wp-json\/wp\/v2\/types\/product"}],"replies":[{"embeddable":true,"href":"https:\/\/3deuropean.com\/en\/wp-json\/wp\/v2\/comments?post=6965"}],"wp:featuredmedia":[{"embeddable":true,"href":"https:\/\/3deuropean.com\/en\/wp-json\/wp\/v2\/media\/9404"}],"wp:attachment":[{"href":"https:\/\/3deuropean.com\/en\/wp-json\/wp\/v2\/media?parent=6965"}],"wp:term":[{"taxonomy":"product_brand","embeddable":true,"href":"https:\/\/3deuropean.com\/en\/wp-json\/wp\/v2\/product_brand?post=6965"},{"taxonomy":"product_cat","embeddable":true,"href":"https:\/\/3deuropean.com\/en\/wp-json\/wp\/v2\/product_cat?post=6965"},{"taxonomy":"product_tag","embeddable":true,"href":"https:\/\/3deuropean.com\/en\/wp-json\/wp\/v2\/product_tag?post=6965"}],"curies":[{"name":"wp","href":"https:\/\/api.w.org\/{rel}","templated":true}]}}