{"id":6846,"date":"2025-12-11T00:23:31","date_gmt":"2025-12-11T00:23:31","guid":{"rendered":"https:\/\/loja.bewmarketingdigital.com.br\/?post_type=product&#038;p=6846"},"modified":"2026-04-02T18:56:18","modified_gmt":"2026-04-02T18:56:18","slug":"trofeu-alpha-padel","status":"publish","type":"product","link":"https:\/\/3deuropean.com\/en\/produto\/trofeu-alpha-padel\/","title":{"rendered":"Alpha Trophy - Padel"},"content":{"rendered":"<p>Pieza de 21 cm con l\u00edneas firmes y \u00e1rea central amplia para la identidad del torneo. La geometr\u00eda \u00abrecta + planos lisos\u00bb garantiza buena lectura en fotos y en los materiales de divulgaci\u00f3n. Base estable preparada para plaquetas, funciona muy bien en eventos con muchas categor\u00edas.<\/p>","protected":false},"excerpt":{"rendered":"<p>Pieza de 21 cm con l\u00edneas firmes y \u00e1rea central amplia para la identidad del torneo. La geometr\u00eda \u00abrecta + planos lisos\u00bb garantiza buena lectura en<\/p>","protected":false},"featured_media":9172,"comment_status":"open","ping_status":"closed","template":"","meta":[],"product_brand":[],"product_cat":[24,77],"product_tag":[],"class_list":{"0":"post-6846","1":"product","2":"type-product","3":"status-publish","4":"has-post-thumbnail","6":"product_cat-padel","7":"product_cat-padel-2","9":"first","10":"instock","11":"shipping-taxable","12":"purchasable","13":"product-type-variable"},"_links":{"self":[{"href":"https:\/\/3deuropean.com\/en\/wp-json\/wp\/v2\/product\/6846","targetHints":{"allow":["GET"]}}],"collection":[{"href":"https:\/\/3deuropean.com\/en\/wp-json\/wp\/v2\/product"}],"about":[{"href":"https:\/\/3deuropean.com\/en\/wp-json\/wp\/v2\/types\/product"}],"replies":[{"embeddable":true,"href":"https:\/\/3deuropean.com\/en\/wp-json\/wp\/v2\/comments?post=6846"}],"wp:featuredmedia":[{"embeddable":true,"href":"https:\/\/3deuropean.com\/en\/wp-json\/wp\/v2\/media\/9172"}],"wp:attachment":[{"href":"https:\/\/3deuropean.com\/en\/wp-json\/wp\/v2\/media?parent=6846"}],"wp:term":[{"taxonomy":"product_brand","embeddable":true,"href":"https:\/\/3deuropean.com\/en\/wp-json\/wp\/v2\/product_brand?post=6846"},{"taxonomy":"product_cat","embeddable":true,"href":"https:\/\/3deuropean.com\/en\/wp-json\/wp\/v2\/product_cat?post=6846"},{"taxonomy":"product_tag","embeddable":true,"href":"https:\/\/3deuropean.com\/en\/wp-json\/wp\/v2\/product_tag?post=6846"}],"curies":[{"name":"wp","href":"https:\/\/api.w.org\/{rel}","templated":true}]}}