{"id":6817,"date":"2025-12-11T00:23:29","date_gmt":"2025-12-11T00:23:29","guid":{"rendered":"https:\/\/loja.bewmarketingdigital.com.br\/?post_type=product&#038;p=6817"},"modified":"2026-04-01T18:13:08","modified_gmt":"2026-04-01T18:13:08","slug":"trofeu-kappa-padel","status":"publish","type":"product","link":"https:\/\/3deuropean.com\/en\/produto\/trofeu-kappa-padel\/","title":{"rendered":"Kappa Trophy - Padel"},"content":{"rendered":"<p>Con 27 cm, entrega presencia e impacto visual inmediato. La proporci\u00f3n alargada valoriza el registro fotogr\u00e1fico y la mesa de premiaci\u00f3n, abriendo espacio para marcas y sellos de patrocinadores. Recomendado para categor\u00edas PRO\/OPEN y finales de etapa.<\/p>","protected":false},"excerpt":{"rendered":"<p>Con 27 cm, entrega presencia e impacto visual inmediato. La proporci\u00f3n alargada valoriza el registro fotogr\u00e1fico y la mesa de premiaci\u00f3n, abriendo<\/p>","protected":false},"featured_media":9214,"comment_status":"open","ping_status":"closed","template":"","meta":[],"product_brand":[],"product_cat":[24,77],"product_tag":[],"class_list":{"0":"post-6817","1":"product","2":"type-product","3":"status-publish","4":"has-post-thumbnail","6":"product_cat-padel","7":"product_cat-padel-2","9":"first","10":"instock","11":"shipping-taxable","12":"purchasable","13":"product-type-variable"},"_links":{"self":[{"href":"https:\/\/3deuropean.com\/en\/wp-json\/wp\/v2\/product\/6817","targetHints":{"allow":["GET"]}}],"collection":[{"href":"https:\/\/3deuropean.com\/en\/wp-json\/wp\/v2\/product"}],"about":[{"href":"https:\/\/3deuropean.com\/en\/wp-json\/wp\/v2\/types\/product"}],"replies":[{"embeddable":true,"href":"https:\/\/3deuropean.com\/en\/wp-json\/wp\/v2\/comments?post=6817"}],"wp:featuredmedia":[{"embeddable":true,"href":"https:\/\/3deuropean.com\/en\/wp-json\/wp\/v2\/media\/9214"}],"wp:attachment":[{"href":"https:\/\/3deuropean.com\/en\/wp-json\/wp\/v2\/media?parent=6817"}],"wp:term":[{"taxonomy":"product_brand","embeddable":true,"href":"https:\/\/3deuropean.com\/en\/wp-json\/wp\/v2\/product_brand?post=6817"},{"taxonomy":"product_cat","embeddable":true,"href":"https:\/\/3deuropean.com\/en\/wp-json\/wp\/v2\/product_cat?post=6817"},{"taxonomy":"product_tag","embeddable":true,"href":"https:\/\/3deuropean.com\/en\/wp-json\/wp\/v2\/product_tag?post=6817"}],"curies":[{"name":"wp","href":"https:\/\/api.w.org\/{rel}","templated":true}]}}