{"id":6816,"date":"2025-12-11T00:23:29","date_gmt":"2025-12-11T00:23:29","guid":{"rendered":"https:\/\/loja.bewmarketingdigital.com.br\/?post_type=product&#038;p=6816"},"modified":"2026-04-01T18:16:57","modified_gmt":"2026-04-01T18:16:57","slug":"trofeu-zabbo-padel","status":"publish","type":"product","link":"https:\/\/3deuropean.com\/en\/produto\/trofeu-zabbo-padel\/","title":{"rendered":"Trofeo Zabbo \u2013 Padel"},"content":{"rendered":"<p>Modelo de 21 cm con recortes que sugieren movimiento y velocidad, sin sacrificar el \u00e1rea para logo\/patrocinio. Ideal para circuitos j\u00f3venes o torneos que buscan est\u00e9tica contempor\u00e1nea. La pieza luce bien en foto (indoor\/outdoor) gracias al contraste de planos.<\/p>","protected":false},"excerpt":{"rendered":"<p>Modelo de 21 cm con recortes que sugieren movimiento y velocidad, sin sacrificar el \u00e1rea para logo\/patrocinio. Ideal para circuitos j\u00f3venes o torneos<\/p>","protected":false},"featured_media":9333,"comment_status":"open","ping_status":"closed","template":"","meta":[],"product_brand":[],"product_cat":[77,24],"product_tag":[],"class_list":{"0":"post-6816","1":"product","2":"type-product","3":"status-publish","4":"has-post-thumbnail","6":"product_cat-padel-2","7":"product_cat-padel","9":"first","10":"instock","11":"shipping-taxable","12":"purchasable","13":"product-type-variable"},"_links":{"self":[{"href":"https:\/\/3deuropean.com\/en\/wp-json\/wp\/v2\/product\/6816","targetHints":{"allow":["GET"]}}],"collection":[{"href":"https:\/\/3deuropean.com\/en\/wp-json\/wp\/v2\/product"}],"about":[{"href":"https:\/\/3deuropean.com\/en\/wp-json\/wp\/v2\/types\/product"}],"replies":[{"embeddable":true,"href":"https:\/\/3deuropean.com\/en\/wp-json\/wp\/v2\/comments?post=6816"}],"wp:featuredmedia":[{"embeddable":true,"href":"https:\/\/3deuropean.com\/en\/wp-json\/wp\/v2\/media\/9333"}],"wp:attachment":[{"href":"https:\/\/3deuropean.com\/en\/wp-json\/wp\/v2\/media?parent=6816"}],"wp:term":[{"taxonomy":"product_brand","embeddable":true,"href":"https:\/\/3deuropean.com\/en\/wp-json\/wp\/v2\/product_brand?post=6816"},{"taxonomy":"product_cat","embeddable":true,"href":"https:\/\/3deuropean.com\/en\/wp-json\/wp\/v2\/product_cat?post=6816"},{"taxonomy":"product_tag","embeddable":true,"href":"https:\/\/3deuropean.com\/en\/wp-json\/wp\/v2\/product_tag?post=6816"}],"curies":[{"name":"wp","href":"https:\/\/api.w.org\/{rel}","templated":true}]}}