{"id":6815,"date":"2025-12-11T00:23:29","date_gmt":"2025-12-11T00:23:29","guid":{"rendered":"https:\/\/loja.bewmarketingdigital.com.br\/?post_type=product&#038;p=6815"},"modified":"2026-04-01T18:18:51","modified_gmt":"2026-04-01T18:18:51","slug":"trofeu-astar-padel","status":"publish","type":"product","link":"https:\/\/3deuropean.com\/en\/produto\/trofeu-astar-padel\/","title":{"rendered":"Astar Trophy - Padel"},"content":{"rendered":"<p>Con 21 cm, equilibra \u00e1ngulos y superficies lisas para dar contraste en foto y video. La \u00abcara\u00bb principal acomoda logo\/tema y mantiene claridad incluso con tipograf\u00edas m\u00e1s gruesas. Buena opci\u00f3n de costo-beneficio para muchos podios en el mismo d\u00eda.<\/p>","protected":false},"excerpt":{"rendered":"<p>Con 21 cm, equilibra \u00e1ngulos y superficies lisas para dar contraste en foto y video. La \u00abcara\u00bb principal acomoda logo\/tema y mantiene claridad<\/p>","protected":false},"featured_media":9180,"comment_status":"open","ping_status":"closed","template":"","meta":[],"product_brand":[],"product_cat":[24,77],"product_tag":[],"class_list":{"0":"post-6815","1":"product","2":"type-product","3":"status-publish","4":"has-post-thumbnail","6":"product_cat-padel","7":"product_cat-padel-2","9":"first","10":"instock","11":"shipping-taxable","12":"purchasable","13":"product-type-variable"},"_links":{"self":[{"href":"https:\/\/3deuropean.com\/en\/wp-json\/wp\/v2\/product\/6815","targetHints":{"allow":["GET"]}}],"collection":[{"href":"https:\/\/3deuropean.com\/en\/wp-json\/wp\/v2\/product"}],"about":[{"href":"https:\/\/3deuropean.com\/en\/wp-json\/wp\/v2\/types\/product"}],"replies":[{"embeddable":true,"href":"https:\/\/3deuropean.com\/en\/wp-json\/wp\/v2\/comments?post=6815"}],"wp:featuredmedia":[{"embeddable":true,"href":"https:\/\/3deuropean.com\/en\/wp-json\/wp\/v2\/media\/9180"}],"wp:attachment":[{"href":"https:\/\/3deuropean.com\/en\/wp-json\/wp\/v2\/media?parent=6815"}],"wp:term":[{"taxonomy":"product_brand","embeddable":true,"href":"https:\/\/3deuropean.com\/en\/wp-json\/wp\/v2\/product_brand?post=6815"},{"taxonomy":"product_cat","embeddable":true,"href":"https:\/\/3deuropean.com\/en\/wp-json\/wp\/v2\/product_cat?post=6815"},{"taxonomy":"product_tag","embeddable":true,"href":"https:\/\/3deuropean.com\/en\/wp-json\/wp\/v2\/product_tag?post=6815"}],"curies":[{"name":"wp","href":"https:\/\/api.w.org\/{rel}","templated":true}]}}