{"id":6812,"date":"2025-12-11T00:23:29","date_gmt":"2025-12-11T00:23:29","guid":{"rendered":"https:\/\/loja.bewmarketingdigital.com.br\/?post_type=product&#038;p=6812"},"modified":"2026-04-01T20:00:34","modified_gmt":"2026-04-01T20:00:34","slug":"trofeu-quadra-padel","status":"publish","type":"product","link":"https:\/\/3deuropean.com\/en\/produto\/trofeu-quadra-padel\/","title":{"rendered":"Trofeo Quadra \u2013 Padel"},"content":{"rendered":"<p>Pieza rectangular que sugiere el dise\u00f1o de la pista, facilitando la composici\u00f3n con nombre de la etapa, ciudad y patrocinadores. La lectura permanece clara en foto y video, incluso bajo iluminaci\u00f3n artificial.<\/p>","protected":false},"excerpt":{"rendered":"<p>Pieza rectangular que sugiere el dise\u00f1o de la pista, facilitando la composici\u00f3n con nombre de la etapa, ciudad y patrocinadores. La lectura permanece<\/p>","protected":false},"featured_media":9276,"comment_status":"open","ping_status":"closed","template":"","meta":[],"product_brand":[],"product_cat":[24,77],"product_tag":[],"class_list":{"0":"post-6812","1":"product","2":"type-product","3":"status-publish","4":"has-post-thumbnail","6":"product_cat-padel","7":"product_cat-padel-2","9":"first","10":"instock","11":"shipping-taxable","12":"purchasable","13":"product-type-variable"},"_links":{"self":[{"href":"https:\/\/3deuropean.com\/en\/wp-json\/wp\/v2\/product\/6812","targetHints":{"allow":["GET"]}}],"collection":[{"href":"https:\/\/3deuropean.com\/en\/wp-json\/wp\/v2\/product"}],"about":[{"href":"https:\/\/3deuropean.com\/en\/wp-json\/wp\/v2\/types\/product"}],"replies":[{"embeddable":true,"href":"https:\/\/3deuropean.com\/en\/wp-json\/wp\/v2\/comments?post=6812"}],"wp:featuredmedia":[{"embeddable":true,"href":"https:\/\/3deuropean.com\/en\/wp-json\/wp\/v2\/media\/9276"}],"wp:attachment":[{"href":"https:\/\/3deuropean.com\/en\/wp-json\/wp\/v2\/media?parent=6812"}],"wp:term":[{"taxonomy":"product_brand","embeddable":true,"href":"https:\/\/3deuropean.com\/en\/wp-json\/wp\/v2\/product_brand?post=6812"},{"taxonomy":"product_cat","embeddable":true,"href":"https:\/\/3deuropean.com\/en\/wp-json\/wp\/v2\/product_cat?post=6812"},{"taxonomy":"product_tag","embeddable":true,"href":"https:\/\/3deuropean.com\/en\/wp-json\/wp\/v2\/product_tag?post=6812"}],"curies":[{"name":"wp","href":"https:\/\/api.w.org\/{rel}","templated":true}]}}