{"id":6784,"date":"2025-12-11T00:23:26","date_gmt":"2025-12-11T00:23:26","guid":{"rendered":"https:\/\/loja.bewmarketingdigital.com.br\/?post_type=product&#038;p=6784"},"modified":"2026-04-01T18:02:24","modified_gmt":"2026-04-01T18:02:24","slug":"trofeu-cross-padel","status":"publish","type":"product","link":"https:\/\/3deuropean.com\/en\/produto\/trofeu-cross-padel\/","title":{"rendered":"Cross - Paddle Trophy"},"content":{"rendered":"<p>Dise\u00f1o de 21 cm que sugiere cruce\/match point por la intersecci\u00f3n de planos. Funciona cuando el circuito quiere un visual f\u00e1cil de repetir en varias categor\u00edas. Base ancha para plaqueta y personalizaci\u00f3n por ciudad\/etapa.<\/p>","protected":false},"excerpt":{"rendered":"<p>Dise\u00f1o de 21 cm que sugiere cruce\/match point por la intersecci\u00f3n de planos. Funciona cuando el circuito quiere un visual f\u00e1cil de repetir en varias<\/p>","protected":false},"featured_media":9196,"comment_status":"open","ping_status":"closed","template":"","meta":[],"product_brand":[],"product_cat":[24,77],"product_tag":[],"class_list":{"0":"post-6784","1":"product","2":"type-product","3":"status-publish","4":"has-post-thumbnail","6":"product_cat-padel","7":"product_cat-padel-2","9":"first","10":"instock","11":"shipping-taxable","12":"purchasable","13":"product-type-variable"},"_links":{"self":[{"href":"https:\/\/3deuropean.com\/en\/wp-json\/wp\/v2\/product\/6784","targetHints":{"allow":["GET"]}}],"collection":[{"href":"https:\/\/3deuropean.com\/en\/wp-json\/wp\/v2\/product"}],"about":[{"href":"https:\/\/3deuropean.com\/en\/wp-json\/wp\/v2\/types\/product"}],"replies":[{"embeddable":true,"href":"https:\/\/3deuropean.com\/en\/wp-json\/wp\/v2\/comments?post=6784"}],"wp:featuredmedia":[{"embeddable":true,"href":"https:\/\/3deuropean.com\/en\/wp-json\/wp\/v2\/media\/9196"}],"wp:attachment":[{"href":"https:\/\/3deuropean.com\/en\/wp-json\/wp\/v2\/media?parent=6784"}],"wp:term":[{"taxonomy":"product_brand","embeddable":true,"href":"https:\/\/3deuropean.com\/en\/wp-json\/wp\/v2\/product_brand?post=6784"},{"taxonomy":"product_cat","embeddable":true,"href":"https:\/\/3deuropean.com\/en\/wp-json\/wp\/v2\/product_cat?post=6784"},{"taxonomy":"product_tag","embeddable":true,"href":"https:\/\/3deuropean.com\/en\/wp-json\/wp\/v2\/product_tag?post=6784"}],"curies":[{"name":"wp","href":"https:\/\/api.w.org\/{rel}","templated":true}]}}