{"id":6606,"date":"2025-12-11T00:23:12","date_gmt":"2025-12-11T00:23:12","guid":{"rendered":"https:\/\/loja.bewmarketingdigital.com.br\/?post_type=product&#038;p=6606"},"modified":"2026-03-26T02:59:01","modified_gmt":"2026-03-26T02:59:01","slug":"trofeu-wild-beach-tennis","status":"publish","type":"product","link":"https:\/\/3deuropean.com\/en\/produto\/trofeu-wild-beach-tennis\/","title":{"rendered":"Trofeo Wild \u2013 Beach Tennis"},"content":{"rendered":"<p>Pieza de 21 cm, con presencia bien marcada incluso en alturas menores. El \u00e1rea frontal valoriza el nombre del evento y la posici\u00f3n, funcionando bien para finales intermedias, categor\u00edas destacadas o etapas con podio m\u00e1s compacto.<\/p>","protected":false},"excerpt":{"rendered":"<p>Pieza de 21 cm, con presencia bien marcada incluso en alturas menores. El \u00e1rea frontal valoriza el nombre del evento y la posici\u00f3n, funcionando bien<\/p>","protected":false},"featured_media":7362,"comment_status":"open","ping_status":"closed","template":"","meta":[],"product_brand":[],"product_cat":[29],"product_tag":[],"class_list":{"0":"post-6606","1":"product","2":"type-product","3":"status-publish","4":"has-post-thumbnail","6":"product_cat-tenis-de-playa","8":"first","9":"instock","10":"shipping-taxable","11":"purchasable","12":"product-type-variable"},"_links":{"self":[{"href":"https:\/\/3deuropean.com\/en\/wp-json\/wp\/v2\/product\/6606","targetHints":{"allow":["GET"]}}],"collection":[{"href":"https:\/\/3deuropean.com\/en\/wp-json\/wp\/v2\/product"}],"about":[{"href":"https:\/\/3deuropean.com\/en\/wp-json\/wp\/v2\/types\/product"}],"replies":[{"embeddable":true,"href":"https:\/\/3deuropean.com\/en\/wp-json\/wp\/v2\/comments?post=6606"}],"wp:featuredmedia":[{"embeddable":true,"href":"https:\/\/3deuropean.com\/en\/wp-json\/wp\/v2\/media\/7362"}],"wp:attachment":[{"href":"https:\/\/3deuropean.com\/en\/wp-json\/wp\/v2\/media?parent=6606"}],"wp:term":[{"taxonomy":"product_brand","embeddable":true,"href":"https:\/\/3deuropean.com\/en\/wp-json\/wp\/v2\/product_brand?post=6606"},{"taxonomy":"product_cat","embeddable":true,"href":"https:\/\/3deuropean.com\/en\/wp-json\/wp\/v2\/product_cat?post=6606"},{"taxonomy":"product_tag","embeddable":true,"href":"https:\/\/3deuropean.com\/en\/wp-json\/wp\/v2\/product_tag?post=6606"}],"curies":[{"name":"wp","href":"https:\/\/api.w.org\/{rel}","templated":true}]}}