{"id":6575,"date":"2025-12-11T00:23:09","date_gmt":"2025-12-11T00:23:09","guid":{"rendered":"https:\/\/loja.bewmarketingdigital.com.br\/?post_type=product&#038;p=6575"},"modified":"2026-03-26T02:54:18","modified_gmt":"2026-03-26T02:54:18","slug":"trofeu-jumbo-beach-tennis","status":"publish","type":"product","link":"https:\/\/3deuropean.com\/en\/produto\/trofeu-jumbo-beach-tennis\/","title":{"rendered":"Trofeo Jumbo \u2013 Beach Tennis"},"content":{"rendered":"<p>Con mayor volumen visual, es una buena elecci\u00f3n cuando el evento necesita destacar patrocinadores o la identidad de la edici\u00f3n. El \u00e1rea frontal permite artes m\u00e1s amplias.<\/p>","protected":false},"excerpt":{"rendered":"<p>Con mayor volumen visual, es una buena elecci\u00f3n cuando el evento necesita destacar patrocinadores o la identidad de la edici\u00f3n. El \u00e1rea frontal<\/p>","protected":false},"featured_media":7324,"comment_status":"open","ping_status":"closed","template":"","meta":[],"product_brand":[],"product_cat":[29],"product_tag":[],"class_list":{"0":"post-6575","1":"product","2":"type-product","3":"status-publish","4":"has-post-thumbnail","6":"product_cat-tenis-de-playa","8":"first","9":"instock","10":"shipping-taxable","11":"purchasable","12":"product-type-variable"},"_links":{"self":[{"href":"https:\/\/3deuropean.com\/en\/wp-json\/wp\/v2\/product\/6575","targetHints":{"allow":["GET"]}}],"collection":[{"href":"https:\/\/3deuropean.com\/en\/wp-json\/wp\/v2\/product"}],"about":[{"href":"https:\/\/3deuropean.com\/en\/wp-json\/wp\/v2\/types\/product"}],"replies":[{"embeddable":true,"href":"https:\/\/3deuropean.com\/en\/wp-json\/wp\/v2\/comments?post=6575"}],"wp:featuredmedia":[{"embeddable":true,"href":"https:\/\/3deuropean.com\/en\/wp-json\/wp\/v2\/media\/7324"}],"wp:attachment":[{"href":"https:\/\/3deuropean.com\/en\/wp-json\/wp\/v2\/media?parent=6575"}],"wp:term":[{"taxonomy":"product_brand","embeddable":true,"href":"https:\/\/3deuropean.com\/en\/wp-json\/wp\/v2\/product_brand?post=6575"},{"taxonomy":"product_cat","embeddable":true,"href":"https:\/\/3deuropean.com\/en\/wp-json\/wp\/v2\/product_cat?post=6575"},{"taxonomy":"product_tag","embeddable":true,"href":"https:\/\/3deuropean.com\/en\/wp-json\/wp\/v2\/product_tag?post=6575"}],"curies":[{"name":"wp","href":"https:\/\/api.w.org\/{rel}","templated":true}]}}