{"id":6543,"date":"2025-12-11T00:23:07","date_gmt":"2025-12-11T00:23:07","guid":{"rendered":"https:\/\/loja.bewmarketingdigital.com.br\/?post_type=product&#038;p=6543"},"modified":"2026-03-26T02:54:12","modified_gmt":"2026-03-26T02:54:12","slug":"trofeu-alpha-beach-tennis","status":"publish","type":"product","link":"https:\/\/3deuropean.com\/en\/produto\/trofeu-alpha-beach-tennis\/","title":{"rendered":"Alpha Trophy - Beach Tennis"},"content":{"rendered":"<p>Pieza pensada para torneos de beach tennis que buscan visual limpio e identificaci\u00f3n r\u00e1pida del campeonato. La estructura favorece la aplicaci\u00f3n de tema, escudo o arte de la etapa, manteniendo buena lectura en fotos exteriores (playa\/cancha). Acepta personalizaci\u00f3n por posici\u00f3n (1\u00ba al 4\u00ba).<\/p>","protected":false},"excerpt":{"rendered":"<p>Pieza pensada para torneos de beach tennis que buscan visual limpio e identificaci\u00f3n r\u00e1pida del campeonato. La estructura favorece la aplicaci\u00f3n de<\/p>","protected":false},"featured_media":7317,"comment_status":"open","ping_status":"closed","template":"","meta":[],"product_brand":[],"product_cat":[29],"product_tag":[],"class_list":{"0":"post-6543","1":"product","2":"type-product","3":"status-publish","4":"has-post-thumbnail","6":"product_cat-tenis-de-playa","8":"first","9":"instock","10":"shipping-taxable","11":"purchasable","12":"product-type-variable"},"_links":{"self":[{"href":"https:\/\/3deuropean.com\/en\/wp-json\/wp\/v2\/product\/6543","targetHints":{"allow":["GET"]}}],"collection":[{"href":"https:\/\/3deuropean.com\/en\/wp-json\/wp\/v2\/product"}],"about":[{"href":"https:\/\/3deuropean.com\/en\/wp-json\/wp\/v2\/types\/product"}],"replies":[{"embeddable":true,"href":"https:\/\/3deuropean.com\/en\/wp-json\/wp\/v2\/comments?post=6543"}],"wp:featuredmedia":[{"embeddable":true,"href":"https:\/\/3deuropean.com\/en\/wp-json\/wp\/v2\/media\/7317"}],"wp:attachment":[{"href":"https:\/\/3deuropean.com\/en\/wp-json\/wp\/v2\/media?parent=6543"}],"wp:term":[{"taxonomy":"product_brand","embeddable":true,"href":"https:\/\/3deuropean.com\/en\/wp-json\/wp\/v2\/product_brand?post=6543"},{"taxonomy":"product_cat","embeddable":true,"href":"https:\/\/3deuropean.com\/en\/wp-json\/wp\/v2\/product_cat?post=6543"},{"taxonomy":"product_tag","embeddable":true,"href":"https:\/\/3deuropean.com\/en\/wp-json\/wp\/v2\/product_tag?post=6543"}],"curies":[{"name":"wp","href":"https:\/\/api.w.org\/{rel}","templated":true}]}}