{"id":6542,"date":"2025-12-11T00:23:07","date_gmt":"2025-12-11T00:23:07","guid":{"rendered":"https:\/\/loja.bewmarketingdigital.com.br\/?post_type=product&#038;p=6542"},"modified":"2026-04-01T16:54:42","modified_gmt":"2026-04-01T16:54:42","slug":"trofeu-boingboing-squash","status":"publish","type":"product","link":"https:\/\/3deuropean.com\/en\/produto\/trofeu-boingboing-squash\/","title":{"rendered":"Trofeo Boing \u2013 Squash"},"content":{"rendered":"<p>Composici\u00f3n que transmite impulso y energ\u00eda, perfecto para premiar rendimiento. La volumetr\u00eda crea destaque en el podio y en registros oficiales, mientras la base permite personalizaci\u00f3n completa (posici\u00f3n, nombre del evento y fecha).<\/p>","protected":false},"excerpt":{"rendered":"<p>Composici\u00f3n que transmite impulso y energ\u00eda, perfecto para premiar rendimiento. La volumetr\u00eda crea destaque en el podio y en registros oficiales,<\/p>","protected":false},"featured_media":9148,"comment_status":"open","ping_status":"closed","template":"","meta":[],"product_brand":[],"product_cat":[30],"product_tag":[],"class_list":{"0":"post-6542","1":"product","2":"type-product","3":"status-publish","4":"has-post-thumbnail","6":"product_cat-squash","8":"first","9":"instock","10":"shipping-taxable","11":"purchasable","12":"product-type-variable"},"_links":{"self":[{"href":"https:\/\/3deuropean.com\/en\/wp-json\/wp\/v2\/product\/6542","targetHints":{"allow":["GET"]}}],"collection":[{"href":"https:\/\/3deuropean.com\/en\/wp-json\/wp\/v2\/product"}],"about":[{"href":"https:\/\/3deuropean.com\/en\/wp-json\/wp\/v2\/types\/product"}],"replies":[{"embeddable":true,"href":"https:\/\/3deuropean.com\/en\/wp-json\/wp\/v2\/comments?post=6542"}],"wp:featuredmedia":[{"embeddable":true,"href":"https:\/\/3deuropean.com\/en\/wp-json\/wp\/v2\/media\/9148"}],"wp:attachment":[{"href":"https:\/\/3deuropean.com\/en\/wp-json\/wp\/v2\/media?parent=6542"}],"wp:term":[{"taxonomy":"product_brand","embeddable":true,"href":"https:\/\/3deuropean.com\/en\/wp-json\/wp\/v2\/product_brand?post=6542"},{"taxonomy":"product_cat","embeddable":true,"href":"https:\/\/3deuropean.com\/en\/wp-json\/wp\/v2\/product_cat?post=6542"},{"taxonomy":"product_tag","embeddable":true,"href":"https:\/\/3deuropean.com\/en\/wp-json\/wp\/v2\/product_tag?post=6542"}],"curies":[{"name":"wp","href":"https:\/\/api.w.org\/{rel}","templated":true}]}}