{"id":6516,"date":"2025-12-11T00:23:04","date_gmt":"2025-12-11T00:23:04","guid":{"rendered":"https:\/\/loja.bewmarketingdigital.com.br\/?post_type=product&#038;p=6516"},"modified":"2026-04-01T16:38:42","modified_gmt":"2026-04-01T16:38:42","slug":"trofeu-moeba-squash","status":"publish","type":"product","link":"https:\/\/3deuropean.com\/en\/produto\/trofeu-moeba-squash\/","title":{"rendered":"Trofeo Moeba \u2013 Squash"},"content":{"rendered":"<p>Curvas org\u00e1nicas y lectura suave, creando contraste elegante con la rigidez de la base. El dise\u00f1o fluido destaca el car\u00e1cter art\u00edstico de la premiaci\u00f3n, sin perder legibilidad para logo y texto. Excelente opci\u00f3n para torneos que desean diferenciaci\u00f3n est\u00e9tica.<\/p>","protected":false},"excerpt":{"rendered":"<p>Curvas org\u00e1nicas y lectura suave, creando contraste elegante con la rigidez de la base. El dise\u00f1o fluido destaca el car\u00e1cter art\u00edstico de la<\/p>","protected":false},"featured_media":9156,"comment_status":"open","ping_status":"closed","template":"","meta":[],"product_brand":[],"product_cat":[30],"product_tag":[],"class_list":{"0":"post-6516","1":"product","2":"type-product","3":"status-publish","4":"has-post-thumbnail","6":"product_cat-squash","8":"first","9":"instock","10":"shipping-taxable","11":"purchasable","12":"product-type-variable"},"_links":{"self":[{"href":"https:\/\/3deuropean.com\/en\/wp-json\/wp\/v2\/product\/6516","targetHints":{"allow":["GET"]}}],"collection":[{"href":"https:\/\/3deuropean.com\/en\/wp-json\/wp\/v2\/product"}],"about":[{"href":"https:\/\/3deuropean.com\/en\/wp-json\/wp\/v2\/types\/product"}],"replies":[{"embeddable":true,"href":"https:\/\/3deuropean.com\/en\/wp-json\/wp\/v2\/comments?post=6516"}],"wp:featuredmedia":[{"embeddable":true,"href":"https:\/\/3deuropean.com\/en\/wp-json\/wp\/v2\/media\/9156"}],"wp:attachment":[{"href":"https:\/\/3deuropean.com\/en\/wp-json\/wp\/v2\/media?parent=6516"}],"wp:term":[{"taxonomy":"product_brand","embeddable":true,"href":"https:\/\/3deuropean.com\/en\/wp-json\/wp\/v2\/product_brand?post=6516"},{"taxonomy":"product_cat","embeddable":true,"href":"https:\/\/3deuropean.com\/en\/wp-json\/wp\/v2\/product_cat?post=6516"},{"taxonomy":"product_tag","embeddable":true,"href":"https:\/\/3deuropean.com\/en\/wp-json\/wp\/v2\/product_tag?post=6516"}],"curies":[{"name":"wp","href":"https:\/\/api.w.org\/{rel}","templated":true}]}}