{"id":6514,"date":"2025-12-11T00:23:04","date_gmt":"2025-12-11T00:23:04","guid":{"rendered":"https:\/\/loja.bewmarketingdigital.com.br\/?post_type=product&#038;p=6514"},"modified":"2026-04-01T16:46:14","modified_gmt":"2026-04-01T16:46:14","slug":"trofeu-jumbo-squash","status":"publish","type":"product","link":"https:\/\/3deuropean.com\/en\/produto\/trofeu-jumbo-squash\/","title":{"rendered":"Jumbo Trophy - Squash"},"content":{"rendered":"<p>Cuerpo robusto y proporciones llenas para desempe\u00f1o fotogr\u00e1fico en el podio. El \u00e1rea frontal amplia facilita la aplicaci\u00f3n de blasones, escudos y marcas del campeonato. Recomendado para finales y categor\u00edas principales, cuando se busca \u00abpeso visual\u00bb sin aumentar la altura.<\/p>","protected":false},"excerpt":{"rendered":"<p>Cuerpo robusto y proporciones llenas para desempe\u00f1o fotogr\u00e1fico en el podio. El \u00e1rea frontal amplia facilita la aplicaci\u00f3n de blasones, escudos y<\/p>","protected":false},"featured_media":9152,"comment_status":"open","ping_status":"closed","template":"","meta":[],"product_brand":[],"product_cat":[30],"product_tag":[],"class_list":{"0":"post-6514","1":"product","2":"type-product","3":"status-publish","4":"has-post-thumbnail","6":"product_cat-squash","8":"first","9":"instock","10":"shipping-taxable","11":"purchasable","12":"product-type-variable"},"_links":{"self":[{"href":"https:\/\/3deuropean.com\/en\/wp-json\/wp\/v2\/product\/6514","targetHints":{"allow":["GET"]}}],"collection":[{"href":"https:\/\/3deuropean.com\/en\/wp-json\/wp\/v2\/product"}],"about":[{"href":"https:\/\/3deuropean.com\/en\/wp-json\/wp\/v2\/types\/product"}],"replies":[{"embeddable":true,"href":"https:\/\/3deuropean.com\/en\/wp-json\/wp\/v2\/comments?post=6514"}],"wp:featuredmedia":[{"embeddable":true,"href":"https:\/\/3deuropean.com\/en\/wp-json\/wp\/v2\/media\/9152"}],"wp:attachment":[{"href":"https:\/\/3deuropean.com\/en\/wp-json\/wp\/v2\/media?parent=6514"}],"wp:term":[{"taxonomy":"product_brand","embeddable":true,"href":"https:\/\/3deuropean.com\/en\/wp-json\/wp\/v2\/product_brand?post=6514"},{"taxonomy":"product_cat","embeddable":true,"href":"https:\/\/3deuropean.com\/en\/wp-json\/wp\/v2\/product_cat?post=6514"},{"taxonomy":"product_tag","embeddable":true,"href":"https:\/\/3deuropean.com\/en\/wp-json\/wp\/v2\/product_tag?post=6514"}],"curies":[{"name":"wp","href":"https:\/\/api.w.org\/{rel}","templated":true}]}}