{"id":6512,"date":"2025-12-11T00:23:04","date_gmt":"2025-12-11T00:23:04","guid":{"rendered":"https:\/\/loja.bewmarketingdigital.com.br\/?post_type=product&#038;p=6512"},"modified":"2026-04-01T16:51:33","modified_gmt":"2026-04-01T16:51:33","slug":"trofeu-astar-sq-squash","status":"publish","type":"product","link":"https:\/\/3deuropean.com\/en\/produto\/trofeu-astar-sq-squash\/","title":{"rendered":"Trofeo Astar SQ \u2013 Squash"},"content":{"rendered":"<p>Pieza de presencia firme, con \u00e1ngulos marcados que realzan luz y sombra. La cara frontal favorece la identidad del torneo (logo\/tema), mientras la base aloja plaqueta de posici\u00f3n. Ideal para podios que buscan est\u00e9tica contempor\u00e1nea, sin perder claridad de lectura en fotos y vitrinas.<\/p>","protected":false},"excerpt":{"rendered":"<p>Pieza de presencia firme, con \u00e1ngulos marcados que realzan luz y sombra. La cara frontal favorece la identidad del torneo (logo\/tema), mientras la<\/p>","protected":false},"featured_media":9144,"comment_status":"open","ping_status":"closed","template":"","meta":[],"product_brand":[],"product_cat":[30],"product_tag":[],"class_list":{"0":"post-6512","1":"product","2":"type-product","3":"status-publish","4":"has-post-thumbnail","6":"product_cat-squash","8":"first","9":"instock","10":"shipping-taxable","11":"purchasable","12":"product-type-variable"},"_links":{"self":[{"href":"https:\/\/3deuropean.com\/en\/wp-json\/wp\/v2\/product\/6512","targetHints":{"allow":["GET"]}}],"collection":[{"href":"https:\/\/3deuropean.com\/en\/wp-json\/wp\/v2\/product"}],"about":[{"href":"https:\/\/3deuropean.com\/en\/wp-json\/wp\/v2\/types\/product"}],"replies":[{"embeddable":true,"href":"https:\/\/3deuropean.com\/en\/wp-json\/wp\/v2\/comments?post=6512"}],"wp:featuredmedia":[{"embeddable":true,"href":"https:\/\/3deuropean.com\/en\/wp-json\/wp\/v2\/media\/9144"}],"wp:attachment":[{"href":"https:\/\/3deuropean.com\/en\/wp-json\/wp\/v2\/media?parent=6512"}],"wp:term":[{"taxonomy":"product_brand","embeddable":true,"href":"https:\/\/3deuropean.com\/en\/wp-json\/wp\/v2\/product_brand?post=6512"},{"taxonomy":"product_cat","embeddable":true,"href":"https:\/\/3deuropean.com\/en\/wp-json\/wp\/v2\/product_cat?post=6512"},{"taxonomy":"product_tag","embeddable":true,"href":"https:\/\/3deuropean.com\/en\/wp-json\/wp\/v2\/product_tag?post=6512"}],"curies":[{"name":"wp","href":"https:\/\/api.w.org\/{rel}","templated":true}]}}