{"id":219,"date":"2025-06-03T19:16:39","date_gmt":"2025-06-03T19:16:39","guid":{"rendered":"https:\/\/loja.bewmarketingdigital.com.br\/?page_id=219"},"modified":"2026-03-17T20:44:51","modified_gmt":"2026-03-17T20:44:51","slug":"como-funciona","status":"publish","type":"page","link":"https:\/\/3deuropean.com\/en\/como-funciona\/","title":{"rendered":"How it works"},"content":{"rendered":"<div data-elementor-type=\"wp-page\" data-elementor-id=\"219\" class=\"elementor elementor-219\" data-elementor-settings=\"{&quot;ha_cmc_init_switcher&quot;:&quot;no&quot;}\" data-elementor-post-type=\"page\">\n\t\t\t\t<div class=\"elementor-element elementor-element-cb65913 e-flex e-con-boxed e-con e-parent\" data-id=\"cb65913\" data-element_type=\"container\" data-e-type=\"container\" data-settings=\"{&quot;background_background&quot;:&quot;classic&quot;,&quot;_ha_eqh_enable&quot;:false}\">\n\t\t\t\t\t<div class=\"e-con-inner\">\n\t\t\t\t<div class=\"elementor-element elementor-element-6355d60 elementor-widget elementor-widget-shortcode\" data-id=\"6355d60\" data-element_type=\"widget\" data-e-type=\"widget\" data-widget_type=\"shortcode.default\">\n\t\t\t\t\t\t\t<div class=\"elementor-shortcode\">\t\t<div data-elementor-type=\"container\" data-elementor-id=\"1019\" class=\"elementor elementor-1019\" data-elementor-settings=\"{&quot;ha_cmc_init_switcher&quot;:&quot;no&quot;}\" data-elementor-post-type=\"elementor_library\">\n\t\t\t\t<div class=\"elementor-element elementor-element-d1183e3 e-con-full e-flex e-con e-child\" data-id=\"d1183e3\" data-element_type=\"container\" data-e-type=\"container\" data-settings=\"{&quot;background_background&quot;:&quot;classic&quot;,&quot;_ha_eqh_enable&quot;:false}\">\n\t\t<div class=\"elementor-element elementor-element-bfee0cc e-con-full e-flex e-con e-child\" data-id=\"bfee0cc\" data-element_type=\"container\" data-e-type=\"container\" data-settings=\"{&quot;_ha_eqh_enable&quot;:false}\">\n\t\t\t\t<div class=\"elementor-element elementor-element-70e8e83 elementor-widget__width-initial elementor-widget elementor-widget-image\" data-id=\"70e8e83\" data-element_type=\"widget\" data-e-type=\"widget\" data-widget_type=\"image.default\">\n\t\t\t\t\t\t\t\t\t\t\t\t\t\t\t<img fetchpriority=\"high\" decoding=\"async\" width=\"327\" height=\"327\" src=\"https:\/\/3deuropean.com\/wp-content\/uploads\/2025\/06\/e5ece39b6bba00ea576269a559f0a3be4da02910.gif\" class=\"attachment-large size-large wp-image-195\" alt=\"\" \/>\t\t\t\t\t\t\t\t\t\t\t\t\t\t\t<\/div>\n\t\t<div class=\"elementor-element elementor-element-2500e1d e-con-full e-flex e-con e-child\" data-id=\"2500e1d\" data-element_type=\"container\" data-e-type=\"container\" data-settings=\"{&quot;background_background&quot;:&quot;classic&quot;,&quot;_ha_eqh_enable&quot;:false}\">\n\t\t\t\t<\/div>\n\t\t\t\t<div class=\"elementor-element elementor-element-fbf7755 elementor-widget-mobile__width-inherit elementor-widget elementor-widget-text-editor\" data-id=\"fbf7755\" data-element_type=\"widget\" data-e-type=\"widget\" data-widget_type=\"text-editor.default\">\n\t\t\t\t\t\t\t\t\t<p>Customize yourself in a simple and fast way<\/p>\t\t\t\t\t\t\t\t<\/div>\n\t\t\t\t<\/div>\n\t\t<div class=\"elementor-element elementor-element-b58bd2d e-con-full e-flex e-con e-child\" data-id=\"b58bd2d\" data-element_type=\"container\" data-e-type=\"container\" data-settings=\"{&quot;_ha_eqh_enable&quot;:false}\">\n\t\t\t\t<div class=\"elementor-element elementor-element-ba23e3e elementor-widget__width-initial elementor-widget elementor-widget-image\" data-id=\"ba23e3e\" data-element_type=\"widget\" data-e-type=\"widget\" data-widget_type=\"image.default\">\n\t\t\t\t\t\t\t\t\t\t\t\t\t\t\t<img decoding=\"async\" width=\"327\" height=\"327\" src=\"https:\/\/3deuropean.com\/wp-content\/uploads\/2025\/06\/d052508299b4347b7fb8d361242c49177abef4b0.gif\" class=\"attachment-large size-large wp-image-197\" alt=\"\" \/>\t\t\t\t\t\t\t\t\t\t\t\t\t\t\t<\/div>\n\t\t<div class=\"elementor-element elementor-element-fca0f1e e-con-full e-flex e-con e-child\" data-id=\"fca0f1e\" data-element_type=\"container\" data-e-type=\"container\" data-settings=\"{&quot;background_background&quot;:&quot;classic&quot;,&quot;_ha_eqh_enable&quot;:false}\">\n\t\t\t\t<\/div>\n\t\t\t\t<div class=\"elementor-element elementor-element-cadb571 elementor-widget-mobile__width-inherit elementor-widget elementor-widget-text-editor\" data-id=\"cadb571\" data-element_type=\"widget\" data-e-type=\"widget\" data-widget_type=\"text-editor.default\">\n\t\t\t\t\t\t\t\t\t<p>Minimum order of only 15 pieces<\/p>\t\t\t\t\t\t\t\t<\/div>\n\t\t\t\t<\/div>\n\t\t<div class=\"elementor-element elementor-element-230c0a2 e-con-full e-flex e-con e-child\" data-id=\"230c0a2\" data-element_type=\"container\" data-e-type=\"container\" data-settings=\"{&quot;_ha_eqh_enable&quot;:false}\">\n\t\t\t\t<div class=\"elementor-element elementor-element-5b304d6 elementor-widget__width-initial elementor-widget elementor-widget-image\" data-id=\"5b304d6\" data-element_type=\"widget\" data-e-type=\"widget\" data-widget_type=\"image.default\">\n\t\t\t\t\t\t\t\t\t\t\t\t\t\t\t<img decoding=\"async\" width=\"327\" height=\"327\" src=\"https:\/\/3deuropean.com\/wp-content\/uploads\/2025\/06\/655746617caa1dfae519ae11edd627332f076980.gif\" class=\"attachment-large size-large wp-image-196\" alt=\"\" \/>\t\t\t\t\t\t\t\t\t\t\t\t\t\t\t<\/div>\n\t\t<div class=\"elementor-element elementor-element-407a307 e-con-full e-flex e-con e-child\" data-id=\"407a307\" data-element_type=\"container\" data-e-type=\"container\" data-settings=\"{&quot;background_background&quot;:&quot;classic&quot;,&quot;_ha_eqh_enable&quot;:false}\">\n\t\t\t\t<\/div>\n\t\t\t\t<div class=\"elementor-element elementor-element-812db13 elementor-widget-mobile__width-inherit elementor-widget elementor-widget-text-editor\" data-id=\"812db13\" data-element_type=\"widget\" data-e-type=\"widget\" data-widget_type=\"text-editor.default\">\n\t\t\t\t\t\t\t\t\t<p>Secure delivery directly to your address<\/p>\t\t\t\t\t\t\t\t<\/div>\n\t\t\t\t<\/div>\n\t\t<div class=\"elementor-element elementor-element-9b0f6eb e-con-full e-flex e-con e-child\" data-id=\"9b0f6eb\" data-element_type=\"container\" data-e-type=\"container\" data-settings=\"{&quot;_ha_eqh_enable&quot;:false}\">\n\t\t\t\t<div class=\"elementor-element elementor-element-27f11c7 elementor-widget__width-initial elementor-widget elementor-widget-image\" data-id=\"27f11c7\" data-element_type=\"widget\" data-e-type=\"widget\" data-widget_type=\"image.default\">\n\t\t\t\t\t\t\t\t\t\t\t\t\t\t\t<img loading=\"lazy\" decoding=\"async\" width=\"327\" height=\"327\" src=\"https:\/\/3deuropean.com\/wp-content\/uploads\/2025\/06\/c07748d45f7fa3d6243b89276ba04bb32856b9d0.gif\" class=\"attachment-large size-large wp-image-198\" alt=\"\" \/>\t\t\t\t\t\t\t\t\t\t\t\t\t\t\t<\/div>\n\t\t<div class=\"elementor-element elementor-element-c3b420f e-con-full e-flex e-con e-child\" data-id=\"c3b420f\" data-element_type=\"container\" data-e-type=\"container\" data-settings=\"{&quot;background_background&quot;:&quot;classic&quot;,&quot;_ha_eqh_enable&quot;:false}\">\n\t\t\t\t<\/div>\n\t\t\t\t<div class=\"elementor-element elementor-element-0aa5add elementor-widget-mobile__width-inherit elementor-widget elementor-widget-text-editor\" data-id=\"0aa5add\" data-element_type=\"widget\" data-e-type=\"widget\" data-widget_type=\"text-editor.default\">\n\t\t\t\t\t\t\t\t\t<p>Purchase with credit card in a single payment<\/p>\t\t\t\t\t\t\t\t<\/div>\n\t\t\t\t<\/div>\n\t\t\t\t<\/div>\n\t\t\t\t<\/div>\n\t\t<\/div>\n\t\t\t\t\t\t<\/div>\n\t\t<div class=\"elementor-element elementor-element-111e778 e-con-full e-flex e-con e-child\" data-id=\"111e778\" data-element_type=\"container\" data-e-type=\"container\" data-settings=\"{&quot;_ha_eqh_enable&quot;:false}\">\n\t\t<div class=\"elementor-element elementor-element-8f4d3ed e-con-full e-flex e-con e-child\" data-id=\"8f4d3ed\" data-element_type=\"container\" data-e-type=\"container\" data-settings=\"{&quot;_ha_eqh_enable&quot;:false}\">\n\t\t<div class=\"elementor-element elementor-element-56e75d9 e-con-full e-flex e-con e-child\" data-id=\"56e75d9\" data-element_type=\"container\" data-e-type=\"container\" data-settings=\"{&quot;_ha_eqh_enable&quot;:false}\">\n\t\t<div class=\"elementor-element elementor-element-7fc6d14 e-con-full e-flex e-con e-child\" data-id=\"7fc6d14\" data-element_type=\"container\" data-e-type=\"container\" data-settings=\"{&quot;_ha_eqh_enable&quot;:false}\">\n\t\t\t\t<div class=\"elementor-element elementor-element-c05d13d elementor-widget elementor-widget-heading\" data-id=\"c05d13d\" data-element_type=\"widget\" data-e-type=\"widget\" data-widget_type=\"heading.default\">\n\t\t\t\t\t<h2 class=\"elementor-heading-title elementor-size-default\">Objective of 3D Tr\u00f3feus<\/h2>\t\t\t\t<\/div>\n\t\t\t\t<div class=\"elementor-element elementor-element-ed3f32a elementor-widget__width-initial elementor-widget-divider--view-line elementor-widget elementor-widget-divider\" data-id=\"ed3f32a\" data-element_type=\"widget\" data-e-type=\"widget\" data-widget_type=\"divider.default\">\n\t\t\t\t\t\t\t<div class=\"elementor-divider\">\n\t\t\t<span class=\"elementor-divider-separator\">\n\t\t\t\t\t\t<\/span>\n\t\t<\/div>\n\t\t\t\t\t\t<\/div>\n\t\t\t\t<\/div>\n\t\t<div class=\"elementor-element elementor-element-66290a9 e-con-full e-flex e-con e-child\" data-id=\"66290a9\" data-element_type=\"container\" data-e-type=\"container\" data-settings=\"{&quot;_ha_eqh_enable&quot;:false}\">\n\t\t\t\t<div class=\"elementor-element elementor-element-895d260 elementor-widget elementor-widget-text-editor\" data-id=\"895d260\" data-element_type=\"widget\" data-e-type=\"widget\" data-widget_type=\"text-editor.default\">\n\t\t\t\t\t\t\t\t\t<p>3D Tr\u00f3feus' goal is to reward with excellence and make your shopping experience simple and fast. We create a totally direct shopping experience, designed for those who need agility, clarity and results.<\/p><p><strong>Here you can solve everything in just a few clicks, without relying on time-consuming and confusing processes.<\/strong><\/p>\t\t\t\t\t\t\t\t<\/div>\n\t\t\t\t<\/div>\n\t\t\t\t<\/div>\n\t\t<div class=\"elementor-element elementor-element-22079b9 e-con-full e-flex e-con e-child\" data-id=\"22079b9\" data-element_type=\"container\" data-e-type=\"container\" data-settings=\"{&quot;_ha_eqh_enable&quot;:false}\">\n\t\t<div class=\"elementor-element elementor-element-e51f0e9 e-con-full e-flex e-con e-child\" data-id=\"e51f0e9\" data-element_type=\"container\" data-e-type=\"container\" data-settings=\"{&quot;_ha_eqh_enable&quot;:false}\">\n\t\t\t\t<div class=\"elementor-element elementor-element-06ab9d8 elementor-widget elementor-widget-heading\" data-id=\"06ab9d8\" data-element_type=\"widget\" data-e-type=\"widget\" data-widget_type=\"heading.default\">\n\t\t\t\t\t<h2 class=\"elementor-heading-title elementor-size-default\">See how it works\n<\/h2>\t\t\t\t<\/div>\n\t\t\t\t<div class=\"elementor-element elementor-element-9f63d33 elementor-widget__width-initial elementor-widget-divider--view-line elementor-widget elementor-widget-divider\" data-id=\"9f63d33\" data-element_type=\"widget\" data-e-type=\"widget\" data-widget_type=\"divider.default\">\n\t\t\t\t\t\t\t<div class=\"elementor-divider\">\n\t\t\t<span class=\"elementor-divider-separator\">\n\t\t\t\t\t\t<\/span>\n\t\t<\/div>\n\t\t\t\t\t\t<\/div>\n\t\t\t\t<\/div>\n\t\t<div class=\"elementor-element elementor-element-45041e1 e-con-full e-flex e-con e-child\" data-id=\"45041e1\" data-element_type=\"container\" data-e-type=\"container\" data-settings=\"{&quot;_ha_eqh_enable&quot;:false}\">\n\t\t\t\t<div class=\"elementor-element elementor-element-c68a443 elementor-widget elementor-widget-heading\" data-id=\"c68a443\" data-element_type=\"widget\" data-e-type=\"widget\" data-widget_type=\"heading.default\">\n\t\t\t\t\t<h2 class=\"elementor-heading-title elementor-size-default\">1. Choose the ideal model\n<\/h2>\t\t\t\t<\/div>\n\t\t\t\t<div class=\"elementor-element elementor-element-3993817 elementor-widget elementor-widget-text-editor\" data-id=\"3993817\" data-element_type=\"widget\" data-e-type=\"widget\" data-widget_type=\"text-editor.default\">\n\t\t\t\t\t\t\t\t\t<p>You can browse by categories such as sport, material or size and choose from the best rated trophy models on the market.<\/p>\t\t\t\t\t\t\t\t<\/div>\n\t\t\t\t<div class=\"elementor-element elementor-element-2e8f47a elementor-widget elementor-widget-heading\" data-id=\"2e8f47a\" data-element_type=\"widget\" data-e-type=\"widget\" data-widget_type=\"heading.default\">\n\t\t\t\t\t<h2 class=\"elementor-heading-title elementor-size-default\">2. See all details before you buy\n<\/h2>\t\t\t\t<\/div>\n\t\t\t\t<div class=\"elementor-element elementor-element-797c16d elementor-widget elementor-widget-text-editor\" data-id=\"797c16d\" data-element_type=\"widget\" data-e-type=\"widget\" data-widget_type=\"text-editor.default\">\n\t\t\t\t\t\t\t\t\t<p>Each product has clear specifications, real photos and well-defined purchase conditions. You know exactly what you are buying.<\/p>\t\t\t\t\t\t\t\t<\/div>\n\t\t\t\t<div class=\"elementor-element elementor-element-06cbb8a elementor-widget elementor-widget-heading\" data-id=\"06cbb8a\" data-element_type=\"widget\" data-e-type=\"widget\" data-widget_type=\"heading.default\">\n\t\t\t\t\t<h2 class=\"elementor-heading-title elementor-size-default\">3. Add to cart and checkout\n<\/h2>\t\t\t\t<\/div>\n\t\t\t\t<div class=\"elementor-element elementor-element-6482963 elementor-widget elementor-widget-text-editor\" data-id=\"6482963\" data-element_type=\"widget\" data-e-type=\"widget\" data-widget_type=\"text-editor.default\">\n\t\t\t\t\t\t\t\t\t<p>The checkout process is fast and secure. You can review your choice, enter your delivery information and checkout in a few easy steps.<\/p>\t\t\t\t\t\t\t\t<\/div>\n\t\t\t\t<div class=\"elementor-element elementor-element-370562a elementor-widget elementor-widget-heading\" data-id=\"370562a\" data-element_type=\"widget\" data-e-type=\"widget\" data-widget_type=\"heading.default\">\n\t\t\t\t\t<h2 class=\"elementor-heading-title elementor-size-default\">4. Receive directly to your address\n<\/h2>\t\t\t\t<\/div>\n\t\t\t\t<div class=\"elementor-element elementor-element-c3265f2 elementor-widget elementor-widget-text-editor\" data-id=\"c3265f2\" data-element_type=\"widget\" data-e-type=\"widget\" data-widget_type=\"text-editor.default\">\n\t\t\t\t\t\t\t\t\t<p>All orders are shipped with tracking, reinforced packaging and an efficient shipping standard. You receive your order with peace of mind and on time.<\/p>\t\t\t\t\t\t\t\t<\/div>\n\t\t\t\t<div class=\"elementor-element elementor-element-3d01199 elementor-widget elementor-widget-text-editor\" data-id=\"3d01199\" data-element_type=\"widget\" data-e-type=\"widget\" data-widget_type=\"text-editor.default\">\n\t\t\t\t\t\t\t\t\t<p><strong>Why is it important?<\/strong> Because your award deserves respect, organization and impact. And that's what we deliver with every order.<\/p>\t\t\t\t\t\t\t\t<\/div>\n\t\t\t\t<\/div>\n\t\t\t\t<\/div>\n\t\t\t\t<\/div>\n\t\t<div class=\"elementor-element elementor-element-6e3e6d2 e-con-full e-flex e-con e-child\" data-id=\"6e3e6d2\" data-element_type=\"container\" data-e-type=\"container\" data-settings=\"{&quot;background_background&quot;:&quot;classic&quot;,&quot;_ha_eqh_enable&quot;:false}\">\n\t\t\t\t<div class=\"elementor-element elementor-element-8b7b17b elementor-widget elementor-widget-heading\" data-id=\"8b7b17b\" data-element_type=\"widget\" data-e-type=\"widget\" data-widget_type=\"heading.default\">\n\t\t\t\t\t<h2 class=\"elementor-heading-title elementor-size-default\">Choose your sport<\/h2>\t\t\t\t<\/div>\n\t\t\t\t<div class=\"elementor-element elementor-element-8eb8f0d elementor-widget__width-initial elementor-widget elementor-widget-image\" data-id=\"8eb8f0d\" data-element_type=\"widget\" data-e-type=\"widget\" data-widget_type=\"image.default\">\n\t\t\t\t\t\t\t\t\t\t\t\t\t\t\t<img loading=\"lazy\" decoding=\"async\" width=\"800\" height=\"800\" src=\"https:\/\/3deuropean.com\/wp-content\/uploads\/2025\/06\/esporte.svg\" class=\"attachment-large size-large wp-image-229\" alt=\"\" srcset=\"https:\/\/3deuropean.com\/wp-content\/uploads\/2025\/06\/esporte.svg 300w, https:\/\/3deuropean.com\/wp-content\/uploads\/2025\/06\/esporte.svg 100w, https:\/\/3deuropean.com\/wp-content\/uploads\/2025\/06\/esporte.svg 150w, https:\/\/3deuropean.com\/wp-content\/uploads\/2025\/06\/esporte.svg 1024w, https:\/\/3deuropean.com\/wp-content\/uploads\/2025\/06\/esporte.svg 1536w, https:\/\/3deuropean.com\/wp-content\/uploads\/2025\/06\/esporte.svg 2048w\" sizes=\"(max-width: 800px) 100vw, 800px\" \/>\t\t\t\t\t\t\t\t\t\t\t\t\t\t\t<\/div>\n\t\t\t\t<div class=\"elementor-element elementor-element-5f38a0b elementor-widget elementor-widget-heading\" data-id=\"5f38a0b\" data-element_type=\"widget\" data-e-type=\"widget\" data-widget_type=\"heading.default\">\n\t\t\t\t\t<h2 class=\"elementor-heading-title elementor-size-default\">Choose the trophy model<\/h2>\t\t\t\t<\/div>\n\t\t\t\t<div class=\"elementor-element elementor-element-d030fc0 elementor-widget__width-initial elementor-widget elementor-widget-image\" data-id=\"d030fc0\" data-element_type=\"widget\" data-e-type=\"widget\" data-widget_type=\"image.default\">\n\t\t\t\t\t\t\t\t\t\t\t\t\t\t\t<img loading=\"lazy\" decoding=\"async\" width=\"800\" height=\"800\" src=\"https:\/\/3deuropean.com\/wp-content\/uploads\/2025\/06\/modelo.svg\" class=\"attachment-large size-large wp-image-228\" alt=\"\" srcset=\"https:\/\/3deuropean.com\/wp-content\/uploads\/2025\/06\/modelo.svg 300w, https:\/\/3deuropean.com\/wp-content\/uploads\/2025\/06\/modelo.svg 100w, https:\/\/3deuropean.com\/wp-content\/uploads\/2025\/06\/modelo.svg 150w, https:\/\/3deuropean.com\/wp-content\/uploads\/2025\/06\/modelo.svg 1024w, https:\/\/3deuropean.com\/wp-content\/uploads\/2025\/06\/modelo.svg 1536w, https:\/\/3deuropean.com\/wp-content\/uploads\/2025\/06\/modelo.svg 2048w\" sizes=\"(max-width: 800px) 100vw, 800px\" \/>\t\t\t\t\t\t\t\t\t\t\t\t\t\t\t<\/div>\n\t\t\t\t<div class=\"elementor-element elementor-element-cd91448 elementor-widget__width-initial elementor-widget elementor-widget-heading\" data-id=\"cd91448\" data-element_type=\"widget\" data-e-type=\"widget\" data-widget_type=\"heading.default\">\n\t\t\t\t\t<h2 class=\"elementor-heading-title elementor-size-default\">Send your logo in high definition PDF<\/h2>\t\t\t\t<\/div>\n\t\t\t\t<div class=\"elementor-element elementor-element-e485c12 elementor-widget__width-initial elementor-widget elementor-widget-image\" data-id=\"e485c12\" data-element_type=\"widget\" data-e-type=\"widget\" data-widget_type=\"image.default\">\n\t\t\t\t\t\t\t\t\t\t\t\t\t\t\t<img loading=\"lazy\" decoding=\"async\" width=\"73\" height=\"115\" src=\"https:\/\/3deuropean.com\/wp-content\/uploads\/2026\/03\/enviar-logo.svg\" class=\"attachment-large size-large wp-image-7898\" alt=\"\" \/>\t\t\t\t\t\t\t\t\t\t\t\t\t\t\t<\/div>\n\t\t\t\t<div class=\"elementor-element elementor-element-701579f elementor-widget elementor-widget-heading\" data-id=\"701579f\" data-element_type=\"widget\" data-e-type=\"widget\" data-widget_type=\"heading.default\">\n\t\t\t\t\t<h2 class=\"elementor-heading-title elementor-size-default\">Finalize your purchase<\/h2>\t\t\t\t<\/div>\n\t\t\t\t<div class=\"elementor-element elementor-element-0f7c8a7 elementor-widget__width-initial elementor-widget elementor-widget-image\" data-id=\"0f7c8a7\" data-element_type=\"widget\" data-e-type=\"widget\" data-widget_type=\"image.default\">\n\t\t\t\t\t\t\t\t\t\t\t\t\t\t\t<img loading=\"lazy\" decoding=\"async\" width=\"800\" height=\"800\" src=\"https:\/\/3deuropean.com\/wp-content\/uploads\/2025\/06\/finalizar-compra.svg\" class=\"attachment-large size-large wp-image-226\" alt=\"\" srcset=\"https:\/\/3deuropean.com\/wp-content\/uploads\/2025\/06\/finalizar-compra.svg 300w, https:\/\/3deuropean.com\/wp-content\/uploads\/2025\/06\/finalizar-compra.svg 100w, https:\/\/3deuropean.com\/wp-content\/uploads\/2025\/06\/finalizar-compra.svg 150w, https:\/\/3deuropean.com\/wp-content\/uploads\/2025\/06\/finalizar-compra.svg 1024w, https:\/\/3deuropean.com\/wp-content\/uploads\/2025\/06\/finalizar-compra.svg 1536w, https:\/\/3deuropean.com\/wp-content\/uploads\/2025\/06\/finalizar-compra.svg 2048w\" sizes=\"(max-width: 800px) 100vw, 800px\" \/>\t\t\t\t\t\t\t\t\t\t\t\t\t\t\t<\/div>\n\t\t\t\t<div class=\"elementor-element elementor-element-875f01f elementor-widget__width-initial elementor-widget elementor-widget-heading\" data-id=\"875f01f\" data-element_type=\"widget\" data-e-type=\"widget\" data-widget_type=\"heading.default\">\n\t\t\t\t\t<h2 class=\"elementor-heading-title elementor-size-default\">Your order will be customized and shipped directly to your address.<\/h2>\t\t\t\t<\/div>\n\t\t\t\t<div class=\"elementor-element elementor-element-ecf97ac elementor-widget__width-initial elementor-widget elementor-widget-image\" data-id=\"ecf97ac\" data-element_type=\"widget\" data-e-type=\"widget\" data-widget_type=\"image.default\">\n\t\t\t\t\t\t\t\t\t\t\t\t\t\t\t<img loading=\"lazy\" decoding=\"async\" width=\"800\" height=\"800\" src=\"https:\/\/3deuropean.com\/wp-content\/uploads\/2025\/06\/envio.svg\" class=\"attachment-large size-large wp-image-225\" alt=\"\" srcset=\"https:\/\/3deuropean.com\/wp-content\/uploads\/2025\/06\/envio.svg 300w, https:\/\/3deuropean.com\/wp-content\/uploads\/2025\/06\/envio.svg 100w, https:\/\/3deuropean.com\/wp-content\/uploads\/2025\/06\/envio.svg 150w, https:\/\/3deuropean.com\/wp-content\/uploads\/2025\/06\/envio.svg 1024w, https:\/\/3deuropean.com\/wp-content\/uploads\/2025\/06\/envio.svg 1536w, https:\/\/3deuropean.com\/wp-content\/uploads\/2025\/06\/envio.svg 2048w, https:\/\/3deuropean.com\/wp-content\/uploads\/2025\/06\/envio.svg 74w\" sizes=\"(max-width: 800px) 100vw, 800px\" \/>\t\t\t\t\t\t\t\t\t\t\t\t\t\t\t<\/div>\n\t\t\t\t<\/div>\n\t\t\t\t<\/div>\n\t\t\t\t\t<\/div>\n\t\t\t\t<\/div>\n\t\t\t\t<\/div>","protected":false},"excerpt":{"rendered":"<p>Objetivo de 3D Tr\u00f3feus El objetivo de 3D Tr\u00f3feus es premiar con excelencia y hacer que su experiencia de compra sea simple y r\u00e1pida. Creamos una experiencia de compra totalmente directa, pensada para quienes necesitan agilidad, claridad y resultados. Aqu\u00ed puedes resolver todo en pocos clics, sin depender de atenci\u00f3n demorada ni procesos confusos. Vea [&hellip;]<\/p>\n","protected":false},"author":1,"featured_media":0,"parent":0,"menu_order":0,"comment_status":"closed","ping_status":"closed","template":"elementor_header_footer","meta":{"footnotes":""},"class_list":["post-219","page","type-page","status-publish","hentry"],"_links":{"self":[{"href":"https:\/\/3deuropean.com\/en\/wp-json\/wp\/v2\/pages\/219","targetHints":{"allow":["GET"]}}],"collection":[{"href":"https:\/\/3deuropean.com\/en\/wp-json\/wp\/v2\/pages"}],"about":[{"href":"https:\/\/3deuropean.com\/en\/wp-json\/wp\/v2\/types\/page"}],"author":[{"embeddable":true,"href":"https:\/\/3deuropean.com\/en\/wp-json\/wp\/v2\/users\/1"}],"replies":[{"embeddable":true,"href":"https:\/\/3deuropean.com\/en\/wp-json\/wp\/v2\/comments?post=219"}],"version-history":[{"count":35,"href":"https:\/\/3deuropean.com\/en\/wp-json\/wp\/v2\/pages\/219\/revisions"}],"predecessor-version":[{"id":8071,"href":"https:\/\/3deuropean.com\/en\/wp-json\/wp\/v2\/pages\/219\/revisions\/8071"}],"wp:attachment":[{"href":"https:\/\/3deuropean.com\/en\/wp-json\/wp\/v2\/media?parent=219"}],"curies":[{"name":"wp","href":"https:\/\/api.w.org\/{rel}","templated":true}]}}